{"id":6272,"date":"2022-07-25T16:19:59","date_gmt":"2022-07-25T16:19:59","guid":{"rendered":"https:\/\/losinjrentaboat.com\/?page_id=6272"},"modified":"2024-08-06T18:18:18","modified_gmt":"2024-08-06T18:18:18","slug":"galia-700","status":"publish","type":"page","link":"https:\/\/losinjrentaboat.com\/it\/galia-700\/","title":{"rendered":"Galia 700 Sundeck &#8211; Najam plovila &#8211; Mali Lo\u0161inj"},"content":{"rendered":"<div id=\"fws_69e25a244b14c\"  data-column-margin=\"default\" data-midnight=\"dark\"  class=\"wpb_row vc_row-fluid vc_row\"  style=\"padding-top: 0px; padding-bottom: 0px; \"><div class=\"row-bg-wrap\" data-bg-animation=\"none\" data-bg-animation-delay=\"\" data-bg-overlay=\"false\"><div class=\"inner-wrap row-bg-layer\" ><div class=\"row-bg viewport-desktop\"  style=\"\"><\/div><\/div><\/div><div class=\"row_col_wrap_12 col span_12 dark left\">\n\t<div  class=\"vc_col-sm-8 wpb_column column_container vc_column_container col no-extra-padding inherit_tablet inherit_phone\"  data-padding-pos=\"all\" data-has-bg-color=\"false\" data-bg-color=\"\" data-bg-opacity=\"1\" data-animation=\"\" data-delay=\"0\" >\n\t\t<div class=\"vc_column-inner\" >\n\t\t\t<div class=\"wpb_wrapper\">\n\t\t\t\t\n<div class=\"wpb_text_column wpb_content_element\" >\n\t<h2 style=\"text-align: center;\">Galia 700 prendisole<\/h2>\n<\/div>\n\n\n\n\n\t<div class=\"wpb_gallery wpb_content_element clearfix\">\n\t\t<div class=\"wpb_wrapper\"><div class=\"wpb_gallery_slidesflickity_style\" data-onclick=\"link_image\" data-interval=\"5\"><div class=\"nectar-flickity not-initialized\"  data-touch-icon-color=\"default\" data-stagger=\"\" data-drag-scale=\"\" data-overflow=\"hidden\" data-wrap=\"wrap\" data-spacing=\"default\" data-shadow=\"none\" data-autoplay=\"\" data-autoplay-dur=\"\" data-free-scroll=\"\" data-controls=\"pagination\" data-desktop-columns=\"1\" data-small-desktop-columns=\"1\" data-tablet-columns=\"1\" data-phone-columns=\"1\"><div class=\"flickity-viewport\"> <div class=\"flickity-slider\"><div class=\"cell\" data-lazy=\"false\"><img decoding=\"async\" class=\"skip-lazy nectar-lazy\" src=\"https:\/\/losinjrentaboat.com\/wp-content\/uploads\/2022\/07\/image1-600x400.jpeg\" width=\"600\" height=\"400\" alt=\"image1\" title=\"immagine1\" loading=\"lazy\" \/><a class=\"entire-slide-link\"  href=\"https:\/\/losinjrentaboat.com\/wp-content\/uploads\/2022\/07\/image1.jpeg\"><\/a><\/div><div class=\"cell\" data-lazy=\"false\"><img decoding=\"async\" class=\"skip-lazy nectar-lazy\" src=\"https:\/\/losinjrentaboat.com\/wp-content\/uploads\/2022\/07\/image2-600x400.jpeg\" width=\"600\" height=\"400\" alt=\"image2\" title=\"immagine2\" loading=\"lazy\" \/><a class=\"entire-slide-link\"  href=\"https:\/\/losinjrentaboat.com\/wp-content\/uploads\/2022\/07\/image2.jpeg\"><\/a><\/div><div class=\"cell\" data-lazy=\"false\"><img decoding=\"async\" class=\"skip-lazy nectar-lazy\" src=\"https:\/\/losinjrentaboat.com\/wp-content\/uploads\/2022\/07\/image3-600x400.jpeg\" width=\"600\" height=\"400\" alt=\"image3\" title=\"immagine3\" loading=\"lazy\" \/><a class=\"entire-slide-link\"  href=\"https:\/\/losinjrentaboat.com\/wp-content\/uploads\/2022\/07\/image3.jpeg\"><\/a><\/div><div class=\"cell\" data-lazy=\"false\"><img decoding=\"async\" class=\"skip-lazy nectar-lazy\" src=\"https:\/\/losinjrentaboat.com\/wp-content\/uploads\/2022\/07\/image4-600x400.jpeg\" width=\"600\" height=\"400\" alt=\"image4\" title=\"immagine4\" loading=\"lazy\" \/><a class=\"entire-slide-link\"  href=\"https:\/\/losinjrentaboat.com\/wp-content\/uploads\/2022\/07\/image4.jpeg\"><\/a><\/div><\/div><\/div><\/div><\/div>\n\t\t<\/div> \n\t<\/div> <div id=\"fws_69e25a244c690\" data-midnight=\"\" data-column-margin=\"default\" class=\"wpb_row vc_row-fluid vc_row inner_row  vc_custom_1610392410210\"  style=\"\"><div class=\"row-bg-wrap\"> <div class=\"row-bg\" ><\/div> <\/div><div class=\"row_col_wrap_12_inner col span_12  left\">\n\t<div  class=\"vc_col-sm-6 wpb_column column_container vc_column_container col child_column no-extra-padding inherit_tablet inherit_phone\"   data-padding-pos=\"all\" data-has-bg-color=\"false\" data-bg-color=\"\" data-bg-opacity=\"1\" data-animation=\"\" data-delay=\"0\" >\n\t\t<div class=\"vc_column-inner\" >\n\t\t<div class=\"wpb_wrapper\">\n\t\t\t\n<div class=\"wpb_text_column wpb_content_element\" >\n\t<h4>Caratteristiche tecniche:<\/h4>\n<ul>\n<li><strong>Lunghezza:<\/strong> 6,97 m<\/li>\n<li><strong>Larghezza:<\/strong> 2,55 m<\/li>\n<li><strong>Numero di persone:<\/strong> 8<\/li>\n<li><strong>Motore:<\/strong> Suzuki 250 HP four stroke<\/li>\n<li><strong>Serbatoio di carburante:<\/strong> 300 litri<\/li>\n<li><strong>Serbatoio d&#039;acqua:<\/strong>\u00a0100 litri<\/li>\n<\/ul>\n<\/div>\n\n\n\n\n\t\t<\/div> \n\t<\/div>\n\t<\/div> \n\n\t<div  class=\"vc_col-sm-6 wpb_column column_container vc_column_container col child_column no-extra-padding inherit_tablet inherit_phone\"   data-padding-pos=\"all\" data-has-bg-color=\"false\" data-bg-color=\"\" data-bg-opacity=\"1\" data-animation=\"\" data-delay=\"0\" >\n\t\t<div class=\"vc_column-inner\" >\n\t\t<div class=\"wpb_wrapper\">\n\t\t\t\n<div class=\"wpb_text_column wpb_content_element\" >\n\t<h4>Dotazione:<\/h4>\n<ul>\n<li>Tendalino Bimini in acciaio inox<\/li>\n<li>Elica di prua<\/li>\n<li>GPS<\/li>\n<li>Sounder<\/li>\n<li>Ancora elettrica<\/li>\n<li>Doccia<\/li>\n<li>Dotazioni di sicurezza complete a bordo<\/li>\n<li>Cabina con cuccette<\/li>\n<li>Attrezzatura per ormeggio e ancoraggio<\/li>\n<li>Radio \/ USB<\/li>\n<li>Scala<\/li>\n<li>Presa 12V<\/li>\n<\/ul>\n<\/div>\n\n\n\n\n\t\t<\/div> \n\t<\/div>\n\t<\/div> \n<\/div><\/div><div id=\"fws_69e25a244d032\" data-midnight=\"\" data-column-margin=\"default\" class=\"wpb_row vc_row-fluid vc_row inner_row\"  style=\"\"><div class=\"row-bg-wrap\"> <div class=\"row-bg\" ><\/div> <\/div><div class=\"row_col_wrap_12_inner col span_12  left\">\n\t<div  class=\"vc_col-sm-12 wpb_column column_container vc_column_container col child_column no-extra-padding inherit_tablet inherit_phone\"   data-padding-pos=\"all\" data-has-bg-color=\"false\" data-bg-color=\"\" data-bg-opacity=\"1\" data-animation=\"\" data-delay=\"0\" >\n\t\t<div class=\"vc_column-inner\" >\n\t\t<div class=\"wpb_wrapper\">\n\t\t\t\n<div class=\"wpb_text_column wpb_content_element\" >\n\t<table>\n<tbody>\n<tr>\n<th>Prezzi<\/th>\n<th>Giorno<\/th>\n<\/tr>\n<tr>\n<td>01.04 - 03.07<\/td>\n<td>320 \u20ac<\/td>\n<\/tr>\n<tr>\n<td>04.07 - 22.08<\/td>\n<td>350 \u20ac<\/td>\n<\/tr>\n<tr>\n<td>23.08 - 01.11<\/td>\n<td>320 \u20ac<\/td>\n<\/tr>\n<\/tbody>\n<\/table>\n<\/div>\n\n\n\n\n\t\t<\/div> \n\t<\/div>\n\t<\/div> \n<\/div><\/div>\n<div class=\"wpb_text_column wpb_content_element\" >\n\t<ul>\n<li>Il prezzo dello skipper \u00e8 di 80 \u20ac al giorno.<\/li>\n<li>Il carburante non \u00e8 compreso nel prezzo.<\/li>\n<li>L&#039;anticipo \u00e8 30% del prezzo totale.<\/li>\n<li>Il pagamento viene effettuato al momento della presa in consegna della nave.<\/li>\n<\/ul>\n<\/div>\n\n\n\n\n\t\t\t<\/div> \n\t\t<\/div>\n\t<\/div> \n\n\t<div  class=\"vc_col-sm-4 wpb_column column_container vc_column_container col no-extra-padding inherit_tablet inherit_phone\"  data-padding-pos=\"all\" data-has-bg-color=\"false\" data-bg-color=\"\" data-bg-opacity=\"1\" data-animation=\"\" data-delay=\"0\" >\n\t\t<div class=\"vc_column-inner\" >\n\t\t\t<div class=\"wpb_wrapper\">\n\t\t\t\t\n\t<div class=\"wpb_widgetised_column wpb_content_element\">\n\t\t<div id=\"sidebar\" data-nectar-ss=\"true\" class=\"wpb_wrapper\">\n\t\t\t<div id=\"custom_html-2\" class=\"widget_text widget widget_custom_html\"><div class=\"textwidget custom-html-widget\">\n<div class=\"wpcf7 no-js\" id=\"wpcf7-f5906-o1\" lang=\"en-US\" dir=\"ltr\" data-wpcf7-id=\"5906\">\n<div class=\"screen-reader-response\"><p role=\"status\" aria-live=\"polite\" aria-atomic=\"true\"><\/p> <ul><\/ul><\/div>\n<form action=\"\/it\/wp-json\/wp\/v2\/pages\/6272#wpcf7-f5906-o1\" method=\"post\" class=\"wpcf7-form init\" aria-label=\"Contact form\" novalidate=\"novalidate\" data-status=\"init\" data-trp-original-action=\"\/it\/wp-json\/wp\/v2\/pages\/6272#wpcf7-f5906-o1\">\n<fieldset class=\"hidden-fields-container\"><input type=\"hidden\" name=\"_wpcf7\" value=\"5906\" \/><input type=\"hidden\" name=\"_wpcf7_version\" value=\"6.1.5\" \/><input type=\"hidden\" name=\"_wpcf7_locale\" value=\"en_US\" \/><input type=\"hidden\" name=\"_wpcf7_unit_tag\" value=\"wpcf7-f5906-o1\" \/><input type=\"hidden\" name=\"_wpcf7_container_post\" value=\"0\" \/><input type=\"hidden\" name=\"_wpcf7_posted_data_hash\" value=\"\" \/>\n<\/fieldset>\n<div style=\"background-color:#0162a9\">\n\t<center>\n\t\t<h2 style=\"color:white\">PRENOTA ORA!\n\t\t<\/h2>\n\t<\/center>\n\t<div style=\"padding:15px 15px 15px 15px;\">\n\t\t<p><label style=\"color:white\"> Nome<br \/>\n<span class=\"wpcf7-form-control-wrap\" data-name=\"your-name\"><input size=\"40\" maxlength=\"400\" class=\"wpcf7-form-control wpcf7-text wpcf7-validates-as-required\" aria-required=\"true\" aria-invalid=\"false\" value=\"\" type=\"text\" name=\"your-name\" \/><\/span> <\/label>\n\t\t<\/p>\n\t\t<p><label style=\"color:white\"> E-mail<br \/>\n<span class=\"wpcf7-form-control-wrap\" data-name=\"your-email\"><input size=\"40\" maxlength=\"400\" class=\"wpcf7-form-control wpcf7-email wpcf7-validates-as-required wpcf7-text wpcf7-validates-as-email\" aria-required=\"true\" aria-invalid=\"false\" value=\"\" type=\"email\" name=\"your-email\" \/><\/span> <\/label>\n\t\t<\/p>\n\t\t<p><label style=\"color:white\"> Cellulare<br \/>\n<span class=\"wpcf7-form-control-wrap\" data-name=\"tel-871\"><input size=\"40\" maxlength=\"400\" class=\"wpcf7-form-control wpcf7-tel wpcf7-text wpcf7-validates-as-tel\" aria-invalid=\"false\" value=\"\" type=\"tel\" name=\"tel-871\" \/><\/span> <\/label>\n\t\t<\/p>\n\t\t<p><label style=\"color:white\"> Messaggio<\/label><br \/>\n<span class=\"wpcf7-form-control-wrap\" data-name=\"your-message\"><textarea cols=\"40\" rows=\"10\" maxlength=\"2000\" class=\"wpcf7-form-control wpcf7-textarea\" aria-invalid=\"false\" name=\"your-message\"><\/textarea><\/span>\n\t\t<\/p>\n\t\t<center>\n\t\t\t<p><input class=\"wpcf7-form-control wpcf7-submit has-spinner\" type=\"submit\" value=\"Spedire\" \/>\n\t\t\t<\/p>\n\t\t<\/center>\n\t<\/div>\n<\/div><div class=\"wpcf7-response-output\" aria-hidden=\"true\"><\/div>\n<input type=\"hidden\" name=\"trp-form-language\" value=\"it\"\/><\/form>\n<\/div>\n<\/div><\/div>\n\t\t<\/div> \n\t<\/div> \n\t\t\t<\/div> \n\t\t<\/div>\n\t<\/div> \n<\/div><\/div>","protected":false},"excerpt":{"rendered":"Galia 700 Sundeck Tehni\u010dke karakteristike: Du\u017eina: 6.97m \u0160irina: 2.55m Broj osoba: 8 Motor: Suzuki 250 HP four stroke Tank goriva: 300L Tank vode:\u00a0100L Oprema: Inox...","protected":false},"author":3,"featured_media":0,"parent":0,"menu_order":0,"comment_status":"closed","ping_status":"closed","template":"","meta":{"footnotes":""},"class_list":["post-6272","page","type-page","status-publish"],"_links":{"self":[{"href":"https:\/\/losinjrentaboat.com\/it\/wp-json\/wp\/v2\/pages\/6272","targetHints":{"allow":["GET"]}}],"collection":[{"href":"https:\/\/losinjrentaboat.com\/it\/wp-json\/wp\/v2\/pages"}],"about":[{"href":"https:\/\/losinjrentaboat.com\/it\/wp-json\/wp\/v2\/types\/page"}],"author":[{"embeddable":true,"href":"https:\/\/losinjrentaboat.com\/it\/wp-json\/wp\/v2\/users\/3"}],"replies":[{"embeddable":true,"href":"https:\/\/losinjrentaboat.com\/it\/wp-json\/wp\/v2\/comments?post=6272"}],"version-history":[{"count":5,"href":"https:\/\/losinjrentaboat.com\/it\/wp-json\/wp\/v2\/pages\/6272\/revisions"}],"predecessor-version":[{"id":6473,"href":"https:\/\/losinjrentaboat.com\/it\/wp-json\/wp\/v2\/pages\/6272\/revisions\/6473"}],"wp:attachment":[{"href":"https:\/\/losinjrentaboat.com\/it\/wp-json\/wp\/v2\/media?parent=6272"}],"curies":[{"name":"wp","href":"https:\/\/api.w.org\/{rel}","templated":true}]}}