{"id":6085,"date":"2021-01-17T20:09:54","date_gmt":"2021-01-17T20:09:54","guid":{"rendered":"https:\/\/mividi.hr\/?page_id=6085"},"modified":"2024-07-23T19:25:05","modified_gmt":"2024-07-23T19:25:05","slug":"o-nama","status":"publish","type":"page","link":"https:\/\/losinjrentaboat.com\/it\/o-nama\/","title":{"rendered":"Chi siamo"},"content":{"rendered":"<div id=\"fws_69fa7873c8ed7\"  data-column-margin=\"default\" data-midnight=\"dark\" data-top-percent=\"3%\"  class=\"wpb_row vc_row-fluid vc_row full-width-section vc_row-o-equal-height vc_row-flex\"  style=\"padding-top: calc(100vw * 0.03); padding-bottom: 0px; \"><div class=\"row-bg-wrap\" data-bg-animation=\"none\" data-bg-animation-delay=\"\" data-bg-overlay=\"false\"><div class=\"inner-wrap row-bg-layer\" ><div class=\"row-bg viewport-desktop\"  style=\"\"><\/div><\/div><\/div><div class=\"row_col_wrap_12 col span_12 dark left\">\n\t<div  class=\"vc_col-sm-6 wpb_column column_container vc_column_container col padding-1-percent inherit_tablet inherit_phone\"  data-padding-pos=\"all\" data-has-bg-color=\"false\" data-bg-color=\"\" data-bg-opacity=\"1\" data-animation=\"\" data-delay=\"0\" >\n\t\t<div class=\"vc_column-inner\" >\n\t\t\t<div class=\"wpb_wrapper\">\n\t\t\t\t\n<div class=\"wpb_text_column wpb_content_element\" >\n\t<h3 style=\"text-align: center;\">MIVIDI<\/h3>\n<p>\u00e8 un'azienda di servizi per il noleggio di barche, situata nel centro di Mali Losinj. Proponiamo barche a prezzi convenienti, e oltre al giornaliero offriamo la possibilit\u00e0 di noleggi plurigiornalieri o settimanali per i quali concediamo uno sconto.<\/p>\n<\/div>\n\n\n\n\n<div class=\"wpb_text_column wpb_content_element  wpb_animate_when_almost_visible wpb_slideInLeft slideInLeft\" >\n\t<p>Le vere bellezze dell'arcipelago di Lussino sono impossibili da scoprire e esperienza senza una barca, quindi contattateci con fiducia e vi forniremo tutte le informazioni relative ai luoghi meravigliosi che dovete visitare!<\/p>\n<\/div>\n\n\n\n<div class=\"nectar_cascading_images\" data-border-radius=\"none\" data-parallax=\"\" data-parallax-intensity=\"subtle\" data-animation-timing=\"175\"><div class=\"cascading-image\" data-has-img=\"true\" style=\" padding:24%;\" data-max-width=\"100%\" data-max-width-mobile=\"100%\" data-animation=\"grow-in\" data-shadow=\"none\"><div class=\"inner-wrap\"><div class=\"bg-layer\" data-scale=\"1\" style=\"transform: scale(1)\"><div style=\" -webkit-transform:translateX(0%) translateY(-55%) ; transform:translateX(0%) translateY(-55%) ;\" class=\"img-wrap\"> <img loading=\"lazy\" decoding=\"async\" src=\"https:\/\/losinjrentaboat.com\/wp-content\/uploads\/2021\/01\/ante-hamersmit-QSd1HCR4XsM-unsplash-1-scaled-e1610902697537.jpg\"  height=\"800\" width=\"1200\" class=\"skip-lazy\" alt=\"\" \/> <\/div><\/div><\/div><\/div><div class=\"cascading-image\" data-has-img=\"true\" style=\" padding:24%;\" data-max-width=\"100%\" data-max-width-mobile=\"100%\" data-animation=\"grow-in\" data-shadow=\"none\"><div class=\"inner-wrap\"><div class=\"bg-layer\" data-scale=\"1\" style=\"transform: scale(1)\"><div style=\" -webkit-transform:translateX(50%) translateY(35%) ; transform:translateX(50%) translateY(35%) ;\" class=\"img-wrap\"> <img loading=\"lazy\" decoding=\"async\" src=\"https:\/\/losinjrentaboat.com\/wp-content\/uploads\/2021\/01\/130905375.jpg\" srcset=\"https:\/\/losinjrentaboat.com\/wp-content\/uploads\/2021\/01\/130905375.jpg 1024w, https:\/\/losinjrentaboat.com\/wp-content\/uploads\/2021\/01\/130905375-300x225.jpg 300w, https:\/\/losinjrentaboat.com\/wp-content\/uploads\/2021\/01\/130905375-768x576.jpg 768w\" sizes=\"auto, (min-width: 1000px) 45vw, 100vw\" height=\"768\" width=\"1024\" class=\"skip-lazy\" alt=\"\" \/> <\/div><\/div><\/div><\/div><div class=\"cascading-image\" data-has-img=\"true\" style=\" padding:24%;\" data-max-width=\"100%\" data-max-width-mobile=\"100%\" data-animation=\"grow-in\" data-shadow=\"x_large_depth\"><div class=\"inner-wrap\"><div class=\"bg-layer\" data-scale=\"1\" style=\"transform: scale(1)\"><div style=\" -webkit-transform:translateX(-35%) translateY(30%) ; transform:translateX(-35%) translateY(30%) ;\" class=\"img-wrap\"> <img loading=\"lazy\" decoding=\"async\" src=\"https:\/\/losinjrentaboat.com\/wp-content\/uploads\/2021\/01\/losinj-01.jpg\" srcset=\"https:\/\/losinjrentaboat.com\/wp-content\/uploads\/2021\/01\/losinj-01.jpg 1280w, https:\/\/losinjrentaboat.com\/wp-content\/uploads\/2021\/01\/losinj-01-300x200.jpg 300w, https:\/\/losinjrentaboat.com\/wp-content\/uploads\/2021\/01\/losinj-01-1024x682.jpg 1024w, https:\/\/losinjrentaboat.com\/wp-content\/uploads\/2021\/01\/losinj-01-768x512.jpg 768w, https:\/\/losinjrentaboat.com\/wp-content\/uploads\/2021\/01\/losinj-01-900x600.jpg 900w\" sizes=\"auto, (min-width: 1000px) 45vw, 100vw\" height=\"853\" width=\"1280\" class=\"skip-lazy\" alt=\"\" \/> <\/div><\/div><\/div><\/div><\/div>\n\t\t\t<\/div> \n\t\t<\/div>\n\t<\/div> \n\n\t<div  class=\"vc_col-sm-6 wpb_column column_container vc_column_container col padding-2-percent inherit_tablet inherit_phone\"  data-padding-pos=\"left\" data-has-bg-color=\"false\" data-bg-color=\"\" data-bg-opacity=\"1\" data-animation=\"\" data-delay=\"0\" >\n\t\t<div class=\"vc_column-inner\" >\n\t\t\t<div class=\"wpb_wrapper\">\n\t\t\t\t<div class=\"img-with-aniamtion-wrap  custom-size\" data-max-width=\"100%\" data-max-width-mobile=\"default\" data-shadow=\"none\" data-animation=\"fade-in-from-right\" >\n      <div class=\"inner\">\n        <div class=\"hover-wrap\"> \n          <div class=\"hover-wrap-inner\">\n            <a href=\"https:\/\/losinjrentaboat.com\/wp-content\/uploads\/2024\/07\/IMG_2431.jpg\" class=\"pp\">\n              <img loading=\"lazy\" decoding=\"async\" class=\"img-with-animation skip-lazy\" data-delay=\"0\" height=\"1080\" width=\"675\" data-animation=\"fade-in-from-right\" src=\"https:\/\/losinjrentaboat.com\/wp-content\/uploads\/2024\/07\/IMG_2431.jpg\" alt=\"\" srcset=\"https:\/\/losinjrentaboat.com\/wp-content\/uploads\/2024\/07\/IMG_2431.jpg 675w, https:\/\/losinjrentaboat.com\/wp-content\/uploads\/2024\/07\/IMG_2431-188x300.jpg 188w, https:\/\/losinjrentaboat.com\/wp-content\/uploads\/2024\/07\/IMG_2431-640x1024.jpg 640w, https:\/\/losinjrentaboat.com\/wp-content\/uploads\/2024\/07\/IMG_2431-8x12.jpg 8w\" sizes=\"auto, (max-width: 675px) 100vw, 675px\" \/>\n            <\/a>\n          <\/div>\n        <\/div>\n         \n      <\/div>\n      <\/div>\n\t\t\t<\/div> \n\t\t<\/div>\n\t<\/div> \n<\/div><\/div>\n\t\t<div id=\"fws_69fa7873cb5b2\"  data-column-margin=\"default\" data-midnight=\"dark\"  class=\"wpb_row vc_row-fluid vc_row full-width-section vc_row-o-equal-height vc_row-flex vc_row-o-content-middle\"  style=\"padding-top: 0px; padding-bottom: 20px; \"><div class=\"row-bg-wrap\" data-bg-animation=\"none\" data-bg-animation-delay=\"\" data-bg-overlay=\"false\"><div class=\"inner-wrap row-bg-layer\" ><div class=\"row-bg viewport-desktop\"  style=\"\"><\/div><\/div><\/div><div class=\"row_col_wrap_12 col span_12 dark left\">\n\t<div  class=\"vc_col-sm-6 wpb_column column_container vc_column_container col padding-6-percent inherit_tablet inherit_phone\"  data-padding-pos=\"left\" data-has-bg-color=\"false\" data-bg-color=\"\" data-bg-opacity=\"1\" data-animation=\"\" data-delay=\"0\" >\n\t\t<div class=\"vc_column-inner\" >\n\t\t\t<div class=\"wpb_wrapper\">\n\t\t\t\t\n<div class=\"wpb_text_column wpb_content_element\" >\n\t<p><strong>MIVIDI<\/strong> rent a boat.<br \/>\nProprietario: Mia \u010custi\u0107, Zagreba\u010dka 36A,<br \/>\n51550 Mali Lo\u0161inj<br \/>\n<strong>MBO:<\/strong> 98164309<br \/>\n<strong>IBAN:<\/strong> HR5224020061140389292<br \/>\nErste &amp; Steierm\u00e4rkische Bank dd<br \/>\nSWIFT-BIC: ESBCHR22<\/p>\n<\/div>\n\n\n\n\n\t\t\t<\/div> \n\t\t<\/div>\n\t<\/div> \n<\/div><\/div>","protected":false},"excerpt":{"rendered":"MIVIDI \u00e8 un servizio di noleggio barche situato nel centro di Lussinpiccolo. Offriamo barche a prezzi vantaggiosi, e oltre alle gite di un giorno, offriamo anche la possibilit\u00e0...","protected":false},"author":1,"featured_media":0,"parent":0,"menu_order":0,"comment_status":"closed","ping_status":"closed","template":"","meta":{"footnotes":""},"class_list":["post-6085","page","type-page","status-publish"],"_links":{"self":[{"href":"https:\/\/losinjrentaboat.com\/it\/wp-json\/wp\/v2\/pages\/6085","targetHints":{"allow":["GET"]}}],"collection":[{"href":"https:\/\/losinjrentaboat.com\/it\/wp-json\/wp\/v2\/pages"}],"about":[{"href":"https:\/\/losinjrentaboat.com\/it\/wp-json\/wp\/v2\/types\/page"}],"author":[{"embeddable":true,"href":"https:\/\/losinjrentaboat.com\/it\/wp-json\/wp\/v2\/users\/1"}],"replies":[{"embeddable":true,"href":"https:\/\/losinjrentaboat.com\/it\/wp-json\/wp\/v2\/comments?post=6085"}],"version-history":[{"count":5,"href":"https:\/\/losinjrentaboat.com\/it\/wp-json\/wp\/v2\/pages\/6085\/revisions"}],"predecessor-version":[{"id":6445,"href":"https:\/\/losinjrentaboat.com\/it\/wp-json\/wp\/v2\/pages\/6085\/revisions\/6445"}],"wp:attachment":[{"href":"https:\/\/losinjrentaboat.com\/it\/wp-json\/wp\/v2\/media?parent=6085"}],"curies":[{"name":"wp","href":"https:\/\/api.w.org\/{rel}","templated":true}]}}