{"id":6409,"date":"2024-07-23T18:10:42","date_gmt":"2024-07-23T18:10:42","guid":{"rendered":"https:\/\/losinjrentaboat.com\/?page_id=6409"},"modified":"2024-08-06T18:23:23","modified_gmt":"2024-08-06T18:23:23","slug":"marlin-790-orange","status":"publish","type":"page","link":"https:\/\/losinjrentaboat.com\/en\/marlin-790-orange\/","title":{"rendered":"Marlin 790 Orange"},"content":{"rendered":"<div id=\"fws_69e1bb9d24117\"  data-column-margin=\"default\" data-midnight=\"dark\"  class=\"wpb_row vc_row-fluid vc_row\"  style=\"padding-top: 0px; padding-bottom: 0px; \"><div class=\"row-bg-wrap\" data-bg-animation=\"none\" data-bg-animation-delay=\"\" data-bg-overlay=\"false\"><div class=\"inner-wrap row-bg-layer\" ><div class=\"row-bg viewport-desktop\"  style=\"\"><\/div><\/div><\/div><div class=\"row_col_wrap_12 col span_12 dark left\">\n\t<div  class=\"vc_col-sm-8 wpb_column column_container vc_column_container col no-extra-padding inherit_tablet inherit_phone\"  data-padding-pos=\"all\" data-has-bg-color=\"false\" data-bg-color=\"\" data-bg-opacity=\"1\" data-animation=\"\" data-delay=\"0\" >\n\t\t<div class=\"vc_column-inner\" >\n\t\t\t<div class=\"wpb_wrapper\">\n\t\t\t\t\n<div class=\"wpb_text_column wpb_content_element\" >\n\t<h2 style=\"text-align: center;\">Marlin 790 Orange NEW!<\/h2>\n<\/div>\n\n\n\n\n\t<div class=\"wpb_gallery wpb_content_element clearfix\">\n\t\t<div class=\"wpb_wrapper\"><div class=\"wpb_gallery_slidesflickity_style\" data-onclick=\"link_image\" data-interval=\"5\"><div class=\"nectar-flickity not-initialized\"  data-touch-icon-color=\"default\" data-stagger=\"\" data-drag-scale=\"\" data-overflow=\"hidden\" data-wrap=\"wrap\" data-spacing=\"default\" data-shadow=\"none\" data-autoplay=\"true\" data-autoplay-dur=\"4000\" data-free-scroll=\"\" data-controls=\"pagination\" data-desktop-columns=\"1\" data-small-desktop-columns=\"1\" data-tablet-columns=\"1\" data-phone-columns=\"1\"><div class=\"flickity-viewport\"> <div class=\"flickity-slider\"><div class=\"cell\" data-lazy=\"false\"><img decoding=\"async\" class=\"skip-lazy nectar-lazy\" src=\"https:\/\/losinjrentaboat.com\/wp-content\/uploads\/2024\/07\/IMG_2434-600x400.jpg\" width=\"600\" height=\"400\" alt=\"Marlin 790 for rent in Mali Lo\u0161inj\" title=\"IMG_2434\" loading=\"lazy\" \/><a class=\"entire-slide-link\"  href=\"https:\/\/losinjrentaboat.com\/wp-content\/uploads\/2024\/07\/IMG_2434.jpg\"><\/a><\/div><div class=\"cell\" data-lazy=\"false\"><img decoding=\"async\" class=\"skip-lazy nectar-lazy\" src=\"https:\/\/losinjrentaboat.com\/wp-content\/uploads\/2024\/07\/IMG_2375-600x400.jpg\" width=\"600\" height=\"400\" alt=\"IMG_2375\" title=\"IMG_2375\" loading=\"lazy\" \/><a class=\"entire-slide-link\"  href=\"https:\/\/losinjrentaboat.com\/wp-content\/uploads\/2024\/07\/IMG_2375.jpg\"><\/a><\/div><div class=\"cell\" data-lazy=\"false\"><img decoding=\"async\" class=\"skip-lazy nectar-lazy\" src=\"https:\/\/losinjrentaboat.com\/wp-content\/uploads\/2024\/07\/IMG_2379-600x400.jpg\" width=\"600\" height=\"400\" alt=\"IMG_2379\" title=\"IMG_2379\" loading=\"lazy\" \/><a class=\"entire-slide-link\"  href=\"https:\/\/losinjrentaboat.com\/wp-content\/uploads\/2024\/07\/IMG_2379.jpg\"><\/a><\/div><div class=\"cell\" data-lazy=\"false\"><img decoding=\"async\" class=\"skip-lazy nectar-lazy\" src=\"https:\/\/losinjrentaboat.com\/wp-content\/uploads\/2024\/07\/IMG_2388-600x400.jpg\" width=\"600\" height=\"400\" alt=\"IMG_2388\" title=\"IMG_2388\" loading=\"lazy\" \/><a class=\"entire-slide-link\"  href=\"https:\/\/losinjrentaboat.com\/wp-content\/uploads\/2024\/07\/IMG_2388.jpg\"><\/a><\/div><div class=\"cell\" data-lazy=\"false\"><img decoding=\"async\" class=\"skip-lazy nectar-lazy\" src=\"https:\/\/losinjrentaboat.com\/wp-content\/uploads\/2024\/07\/IMG_2389-600x400.jpg\" width=\"600\" height=\"400\" alt=\"IMG_2389\" title=\"IMG_2389\" loading=\"lazy\" \/><a class=\"entire-slide-link\"  href=\"https:\/\/losinjrentaboat.com\/wp-content\/uploads\/2024\/07\/IMG_2389.jpg\"><\/a><\/div><div class=\"cell\" data-lazy=\"false\"><img decoding=\"async\" class=\"skip-lazy nectar-lazy\" src=\"https:\/\/losinjrentaboat.com\/wp-content\/uploads\/2024\/07\/IMG_2391-600x400.jpg\" width=\"600\" height=\"400\" alt=\"IMG_2391\" title=\"IMG_2391\" loading=\"lazy\" \/><a class=\"entire-slide-link\"  href=\"https:\/\/losinjrentaboat.com\/wp-content\/uploads\/2024\/07\/IMG_2391.jpg\"><\/a><\/div><div class=\"cell\" data-lazy=\"false\"><img decoding=\"async\" class=\"skip-lazy nectar-lazy\" src=\"https:\/\/losinjrentaboat.com\/wp-content\/uploads\/2024\/07\/IMG_2394-600x400.jpg\" width=\"600\" height=\"400\" alt=\"IMG_2394\" title=\"IMG_2394\" loading=\"lazy\" \/><a class=\"entire-slide-link\"  href=\"https:\/\/losinjrentaboat.com\/wp-content\/uploads\/2024\/07\/IMG_2394.jpg\"><\/a><\/div><div class=\"cell\" data-lazy=\"false\"><img decoding=\"async\" class=\"skip-lazy nectar-lazy\" src=\"https:\/\/losinjrentaboat.com\/wp-content\/uploads\/2024\/07\/IMG_2397-600x400.jpg\" width=\"600\" height=\"400\" alt=\"IMG_2397\" title=\"IMG_2397\" loading=\"lazy\" \/><a class=\"entire-slide-link\"  href=\"https:\/\/losinjrentaboat.com\/wp-content\/uploads\/2024\/07\/IMG_2397.jpg\"><\/a><\/div><div class=\"cell\" data-lazy=\"false\"><img decoding=\"async\" class=\"skip-lazy nectar-lazy\" src=\"https:\/\/losinjrentaboat.com\/wp-content\/uploads\/2024\/07\/IMG_2398-600x400.jpg\" width=\"600\" height=\"400\" alt=\"IMG_2398\" title=\"IMG_2398\" loading=\"lazy\" \/><a class=\"entire-slide-link\"  href=\"https:\/\/losinjrentaboat.com\/wp-content\/uploads\/2024\/07\/IMG_2398.jpg\"><\/a><\/div><div class=\"cell\" data-lazy=\"false\"><img decoding=\"async\" class=\"skip-lazy nectar-lazy\" src=\"https:\/\/losinjrentaboat.com\/wp-content\/uploads\/2024\/07\/IMG_2404-600x400.jpg\" width=\"600\" height=\"400\" alt=\"IMG_2404\" title=\"IMG_2404\" loading=\"lazy\" \/><a class=\"entire-slide-link\"  href=\"https:\/\/losinjrentaboat.com\/wp-content\/uploads\/2024\/07\/IMG_2404.jpg\"><\/a><\/div><\/div><\/div><\/div><\/div>\n\t\t<\/div> \n\t<\/div> <div id=\"fws_69e1bb9d26500\" data-midnight=\"\" data-column-margin=\"default\" class=\"wpb_row vc_row-fluid vc_row inner_row  vc_custom_1610392410210\"  style=\"\"><div class=\"row-bg-wrap\"> <div class=\"row-bg\" ><\/div> <\/div><div class=\"row_col_wrap_12_inner col span_12  left\">\n\t<div  class=\"vc_col-sm-6 wpb_column column_container vc_column_container col child_column no-extra-padding inherit_tablet inherit_phone\"   data-padding-pos=\"all\" data-has-bg-color=\"false\" data-bg-color=\"\" data-bg-opacity=\"1\" data-animation=\"\" data-delay=\"0\" >\n\t\t<div class=\"vc_column-inner\" >\n\t\t<div class=\"wpb_wrapper\">\n\t\t\t\n<div class=\"wpb_text_column wpb_content_element\" >\n\t<h4>Technical characteristics:<\/h4>\n<ul>\n<li><strong>Year:<\/strong> 2022.<\/li>\n<li><strong>Length:<\/strong> 8 m<\/li>\n<li><strong>Width:<\/strong> 3.10 m<\/li>\n<li><strong>Number of persons:<\/strong> 12<\/li>\n<li><strong>Engine:<\/strong> Honda 250 HP four stroke<\/li>\n<li><strong>Fuel tank:<\/strong> 300 L<\/li>\n<li><strong>Water tank:<\/strong> 50L<\/li>\n<\/ul>\n<\/div>\n\n\n\n\n\t\t<\/div> \n\t<\/div>\n\t<\/div> \n\n\t<div  class=\"vc_col-sm-6 wpb_column column_container vc_column_container col child_column no-extra-padding inherit_tablet inherit_phone\"   data-padding-pos=\"all\" data-has-bg-color=\"false\" data-bg-color=\"\" data-bg-opacity=\"1\" data-animation=\"\" data-delay=\"0\" >\n\t\t<div class=\"vc_column-inner\" >\n\t\t<div class=\"wpb_wrapper\">\n\t\t\t\n<div class=\"wpb_text_column wpb_content_element\" >\n\t<h4>Equipment:<\/h4>\n<ul>\n<li>Teak deck<\/li>\n<li>Bimini top<\/li>\n<li>GPS<\/li>\n<li>Sounder<\/li>\n<li>Compass<\/li>\n<li>Fridge<\/li>\n<li>Shower<\/li>\n<li>Complete safety equipment on board<\/li>\n<li>Electric anchor<\/li>\n<li>Mooring and anchoring equipment<\/li>\n<li>Radio \/ USB<\/li>\n<li>Ladder<\/li>\n<li>12V socket<\/li>\n<\/ul>\n<\/div>\n\n\n\n\n\t\t<\/div> \n\t<\/div>\n\t<\/div> \n<\/div><\/div>\n<div class=\"wpb_text_column wpb_content_element\" >\n\t<ul>\n<li>The price of the skipper is 80 \u20ac per day.<\/li>\n<li>Fuel is not included in the price.<\/li>\n<li>The advance is 30% of the total price.<\/li>\n<li>Payment is made when taking over the vessel.<\/li>\n<\/ul>\n<\/div>\n\n\n\n\n\t\t\t<\/div> \n\t\t<\/div>\n\t<\/div> \n\n\t<div  class=\"vc_col-sm-4 wpb_column column_container vc_column_container col no-extra-padding inherit_tablet inherit_phone\"  data-padding-pos=\"all\" data-has-bg-color=\"false\" data-bg-color=\"\" data-bg-opacity=\"1\" data-animation=\"\" data-delay=\"0\" >\n\t\t<div class=\"vc_column-inner\" >\n\t\t\t<div class=\"wpb_wrapper\">\n\t\t\t\t\n\t<div class=\"wpb_widgetised_column wpb_content_element\">\n\t\t<div id=\"sidebar\" data-nectar-ss=\"true\" class=\"wpb_wrapper\">\n\t\t\t<div id=\"custom_html-2\" class=\"widget_text widget widget_custom_html\"><div class=\"textwidget custom-html-widget\">\n<div class=\"wpcf7 no-js\" id=\"wpcf7-f5906-o1\" lang=\"en-US\" dir=\"ltr\" data-wpcf7-id=\"5906\">\n<div class=\"screen-reader-response\"><p role=\"status\" aria-live=\"polite\" aria-atomic=\"true\"><\/p> <ul><\/ul><\/div>\n<form action=\"\/en\/wp-json\/wp\/v2\/pages\/6409#wpcf7-f5906-o1\" method=\"post\" class=\"wpcf7-form init\" aria-label=\"Contact form\" novalidate=\"novalidate\" data-status=\"init\" data-trp-original-action=\"\/en\/wp-json\/wp\/v2\/pages\/6409#wpcf7-f5906-o1\">\n<fieldset class=\"hidden-fields-container\"><input type=\"hidden\" name=\"_wpcf7\" value=\"5906\" \/><input type=\"hidden\" name=\"_wpcf7_version\" value=\"6.1.5\" \/><input type=\"hidden\" name=\"_wpcf7_locale\" value=\"en_US\" \/><input type=\"hidden\" name=\"_wpcf7_unit_tag\" value=\"wpcf7-f5906-o1\" \/><input type=\"hidden\" name=\"_wpcf7_container_post\" value=\"0\" \/><input type=\"hidden\" name=\"_wpcf7_posted_data_hash\" value=\"\" \/>\n<\/fieldset>\n<div style=\"background-color:#0162a9\">\n\t<center>\n\t\t<h2 style=\"color:white\">BOOK NOW!\n\t\t<\/h2>\n\t<\/center>\n\t<div style=\"padding:15px 15px 15px 15px;\">\n\t\t<p><label style=\"color:white\"> Name<br \/>\n<span class=\"wpcf7-form-control-wrap\" data-name=\"your-name\"><input size=\"40\" maxlength=\"400\" class=\"wpcf7-form-control wpcf7-text wpcf7-validates-as-required\" aria-required=\"true\" aria-invalid=\"false\" value=\"\" type=\"text\" name=\"your-name\" \/><\/span> <\/label>\n\t\t<\/p>\n\t\t<p><label style=\"color:white\"> E-mail<br \/>\n<span class=\"wpcf7-form-control-wrap\" data-name=\"your-email\"><input size=\"40\" maxlength=\"400\" class=\"wpcf7-form-control wpcf7-email wpcf7-validates-as-required wpcf7-text wpcf7-validates-as-email\" aria-required=\"true\" aria-invalid=\"false\" value=\"\" type=\"email\" name=\"your-email\" \/><\/span> <\/label>\n\t\t<\/p>\n\t\t<p><label style=\"color:white\"> Cell phone<br \/>\n<span class=\"wpcf7-form-control-wrap\" data-name=\"tel-871\"><input size=\"40\" maxlength=\"400\" class=\"wpcf7-form-control wpcf7-tel wpcf7-text wpcf7-validates-as-tel\" aria-invalid=\"false\" value=\"\" type=\"tel\" name=\"tel-871\" \/><\/span> <\/label>\n\t\t<\/p>\n\t\t<p><label style=\"color:white\"> Message<\/label><br \/>\n<span class=\"wpcf7-form-control-wrap\" data-name=\"your-message\"><textarea cols=\"40\" rows=\"10\" maxlength=\"2000\" class=\"wpcf7-form-control wpcf7-textarea\" aria-invalid=\"false\" name=\"your-message\"><\/textarea><\/span>\n\t\t<\/p>\n\t\t<center>\n\t\t\t<p><input class=\"wpcf7-form-control wpcf7-submit has-spinner\" type=\"submit\" value=\"send\" \/>\n\t\t\t<\/p>\n\t\t<\/center>\n\t<\/div>\n<\/div><div class=\"wpcf7-response-output\" aria-hidden=\"true\"><\/div>\n<input type=\"hidden\" name=\"trp-form-language\" value=\"en\"\/><\/form>\n<\/div>\n<\/div><\/div>\n\t\t<\/div> \n\t<\/div> \n\t\t\t<\/div> \n\t\t<\/div>\n\t<\/div> \n<\/div><\/div>","protected":false},"excerpt":{"rendered":"Marlin 790 Orange - NOVO! Tehni\u010dke karakteristike: Godina: 2022. Du\u017eina: 8 m \u0160irina: 3.10 m Broj osoba: 12 Motor: Honda 250 HP four stroke Tank...","protected":false},"author":1,"featured_media":0,"parent":0,"menu_order":0,"comment_status":"closed","ping_status":"closed","template":"","meta":{"footnotes":""},"class_list":["post-6409","page","type-page","status-publish"],"_links":{"self":[{"href":"https:\/\/losinjrentaboat.com\/en\/wp-json\/wp\/v2\/pages\/6409","targetHints":{"allow":["GET"]}}],"collection":[{"href":"https:\/\/losinjrentaboat.com\/en\/wp-json\/wp\/v2\/pages"}],"about":[{"href":"https:\/\/losinjrentaboat.com\/en\/wp-json\/wp\/v2\/types\/page"}],"author":[{"embeddable":true,"href":"https:\/\/losinjrentaboat.com\/en\/wp-json\/wp\/v2\/users\/1"}],"replies":[{"embeddable":true,"href":"https:\/\/losinjrentaboat.com\/en\/wp-json\/wp\/v2\/comments?post=6409"}],"version-history":[{"count":5,"href":"https:\/\/losinjrentaboat.com\/en\/wp-json\/wp\/v2\/pages\/6409\/revisions"}],"predecessor-version":[{"id":6478,"href":"https:\/\/losinjrentaboat.com\/en\/wp-json\/wp\/v2\/pages\/6409\/revisions\/6478"}],"wp:attachment":[{"href":"https:\/\/losinjrentaboat.com\/en\/wp-json\/wp\/v2\/media?parent=6409"}],"curies":[{"name":"wp","href":"https:\/\/api.w.org\/{rel}","templated":true}]}}