{"id":5977,"date":"2021-01-14T21:20:18","date_gmt":"2021-01-14T21:20:18","guid":{"rendered":"https:\/\/mividi.hr\/?page_id=5977"},"modified":"2024-08-06T18:18:59","modified_gmt":"2024-08-06T18:18:59","slug":"jeanneau-cap-camarat-6-5-wa","status":"publish","type":"page","link":"https:\/\/losinjrentaboat.com\/en\/jeanneau-cap-camarat-6-5-wa\/","title":{"rendered":"Jeanneau cap camarat 6.5 wa"},"content":{"rendered":"<div id=\"fws_69e01ba8c912d\"  data-column-margin=\"default\" data-midnight=\"dark\"  class=\"wpb_row vc_row-fluid vc_row\"  style=\"padding-top: 0px; padding-bottom: 0px; \"><div class=\"row-bg-wrap\" data-bg-animation=\"none\" data-bg-animation-delay=\"\" data-bg-overlay=\"false\"><div class=\"inner-wrap row-bg-layer\" ><div class=\"row-bg viewport-desktop\"  style=\"\"><\/div><\/div><\/div><div class=\"row_col_wrap_12 col span_12 dark left\">\n\t<div  class=\"vc_col-sm-8 wpb_column column_container vc_column_container col no-extra-padding inherit_tablet inherit_phone\"  data-padding-pos=\"all\" data-has-bg-color=\"false\" data-bg-color=\"\" data-bg-opacity=\"1\" data-animation=\"\" data-delay=\"0\" >\n\t\t<div class=\"vc_column-inner\" >\n\t\t\t<div class=\"wpb_wrapper\">\n\t\t\t\t\n<div class=\"wpb_text_column wpb_content_element\" >\n\t<h2 style=\"text-align: center;\">Jeanneau cap camarat 6.5 wa<\/h2>\n<\/div>\n\n\n\n\n\t<div class=\"wpb_gallery wpb_content_element clearfix\">\n\t\t<div class=\"wpb_wrapper\"><div class=\"wpb_gallery_slidesflickity_style\" data-onclick=\"link_image\" data-interval=\"5\"><div class=\"nectar-flickity not-initialized\"  data-touch-icon-color=\"default\" data-stagger=\"\" data-drag-scale=\"\" data-overflow=\"hidden\" data-wrap=\"wrap\" data-spacing=\"default\" data-shadow=\"none\" data-autoplay=\"\" data-autoplay-dur=\"\" data-free-scroll=\"\" data-controls=\"pagination\" data-desktop-columns=\"1\" data-small-desktop-columns=\"1\" data-tablet-columns=\"1\" data-phone-columns=\"1\"><div class=\"flickity-viewport\"> <div class=\"flickity-slider\"><div class=\"cell\" data-lazy=\"false\"><img decoding=\"async\" class=\"skip-lazy nectar-lazy\" src=\"https:\/\/losinjrentaboat.com\/wp-content\/uploads\/2021\/01\/4c0d9e7f-a082-4865-b1ba-3b4dfcdce0af-600x400.jpg\" width=\"600\" height=\"400\" alt=\"4c0d9e7f-a082-4865-b1ba-3b4dfcdce0af\" title=\"4c0d9e7f-a082-4865-b1ba-3b4dfcdce0af\" loading=\"lazy\" \/><a class=\"entire-slide-link\"  href=\"https:\/\/losinjrentaboat.com\/wp-content\/uploads\/2021\/01\/4c0d9e7f-a082-4865-b1ba-3b4dfcdce0af.jpg\"><\/a><\/div><div class=\"cell\" data-lazy=\"false\"><img decoding=\"async\" class=\"skip-lazy nectar-lazy\" src=\"https:\/\/losinjrentaboat.com\/wp-content\/uploads\/2021\/01\/8fdbf7cd-bc6d-4f8f-950b-0c6a8133ad92-600x400.jpg\" width=\"600\" height=\"400\" alt=\"8fdbf7cd-bc6d-4f8f-950b-0c6a8133ad92\" title=\"8fdbf7cd-bc6d-4f8f-950b-0c6a8133ad92\" loading=\"lazy\" \/><a class=\"entire-slide-link\"  href=\"https:\/\/losinjrentaboat.com\/wp-content\/uploads\/2021\/01\/8fdbf7cd-bc6d-4f8f-950b-0c6a8133ad92.jpg\"><\/a><\/div><div class=\"cell\" data-lazy=\"false\"><img decoding=\"async\" class=\"skip-lazy nectar-lazy\" src=\"https:\/\/losinjrentaboat.com\/wp-content\/uploads\/2021\/01\/12a803d5-b143-4831-9b25-2e83b89f19dd-600x400.jpg\" width=\"600\" height=\"400\" alt=\"12a803d5-b143-4831-9b25-2e83b89f19dd\" title=\"12a803d5-b143-4831-9b25-2e83b89f19dd\" loading=\"lazy\" \/><a class=\"entire-slide-link\"  href=\"https:\/\/losinjrentaboat.com\/wp-content\/uploads\/2021\/01\/12a803d5-b143-4831-9b25-2e83b89f19dd.jpg\"><\/a><\/div><div class=\"cell\" data-lazy=\"false\"><img decoding=\"async\" class=\"skip-lazy nectar-lazy\" src=\"https:\/\/losinjrentaboat.com\/wp-content\/uploads\/2021\/01\/940392fb-c31f-404b-a10f-964446cb8b37-600x400.jpg\" width=\"600\" height=\"400\" alt=\"940392fb-c31f-404b-a10f-964446cb8b37\" title=\"940392fb-c31f-404b-a10f-964446cb8b37\" loading=\"lazy\" \/><a class=\"entire-slide-link\"  href=\"https:\/\/losinjrentaboat.com\/wp-content\/uploads\/2021\/01\/940392fb-c31f-404b-a10f-964446cb8b37.jpg\"><\/a><\/div><div class=\"cell\" data-lazy=\"false\"><img decoding=\"async\" class=\"skip-lazy nectar-lazy\" src=\"https:\/\/losinjrentaboat.com\/wp-content\/uploads\/2021\/01\/2598976f-3a99-4ad4-852b-e2eac00f565f-600x400.jpg\" width=\"600\" height=\"400\" alt=\"2598976f-3a99-4ad4-852b-e2eac00f565f\" title=\"2598976f-3a99-4ad4-852b-e2eac00f565f\" loading=\"lazy\" \/><a class=\"entire-slide-link\"  href=\"https:\/\/losinjrentaboat.com\/wp-content\/uploads\/2021\/01\/2598976f-3a99-4ad4-852b-e2eac00f565f.jpg\"><\/a><\/div><div class=\"cell\" data-lazy=\"false\"><img decoding=\"async\" class=\"skip-lazy nectar-lazy\" src=\"https:\/\/losinjrentaboat.com\/wp-content\/uploads\/2021\/01\/90091421-8519-43d3-9d43-3038404b4c1e-1-600x400.jpg\" width=\"600\" height=\"400\" alt=\"90091421-8519-43d3-9d43-3038404b4c1e\" title=\"90091421-8519-43d3-9d43-3038404b4c1e\" loading=\"lazy\" \/><a class=\"entire-slide-link\"  href=\"https:\/\/losinjrentaboat.com\/wp-content\/uploads\/2021\/01\/90091421-8519-43d3-9d43-3038404b4c1e-1.jpg\"><\/a><\/div><\/div><\/div><\/div><\/div>\n\t\t<\/div> \n\t<\/div> <div id=\"fws_69e01ba8caf74\" data-midnight=\"\" data-column-margin=\"default\" class=\"wpb_row vc_row-fluid vc_row inner_row  vc_custom_1610392410210\"  style=\"\"><div class=\"row-bg-wrap\"> <div class=\"row-bg\" ><\/div> <\/div><div class=\"row_col_wrap_12_inner col span_12  left\">\n\t<div  class=\"vc_col-sm-6 wpb_column column_container vc_column_container col child_column no-extra-padding inherit_tablet inherit_phone\"   data-padding-pos=\"all\" data-has-bg-color=\"false\" data-bg-color=\"\" data-bg-opacity=\"1\" data-animation=\"\" data-delay=\"0\" >\n\t\t<div class=\"vc_column-inner\" >\n\t\t<div class=\"wpb_wrapper\">\n\t\t\t\n<div class=\"wpb_text_column wpb_content_element\" >\n\t<h4>Technical characteristics:<\/h4>\n<ul>\n<li><strong>Length:<\/strong> 6.50m<\/li>\n<li><strong>Width:<\/strong> 2.50m<\/li>\n<li><strong>Number of persons:<\/strong> 7<\/li>\n<li><strong>Engine:<\/strong> Honda 150HP four stroke<\/li>\n<li><strong>Fuel tank:<\/strong> 140L<\/li>\n<li><strong>Water tank:<\/strong> 50L<\/li>\n<\/ul>\n<\/div>\n\n\n\n\n\t\t<\/div> \n\t<\/div>\n\t<\/div> \n\n\t<div  class=\"vc_col-sm-6 wpb_column column_container vc_column_container col child_column no-extra-padding inherit_tablet inherit_phone\"   data-padding-pos=\"all\" data-has-bg-color=\"false\" data-bg-color=\"\" data-bg-opacity=\"1\" data-animation=\"\" data-delay=\"0\" >\n\t\t<div class=\"vc_column-inner\" >\n\t\t<div class=\"wpb_wrapper\">\n\t\t\t\n<div class=\"wpb_text_column wpb_content_element\" >\n\t<h4>Equipment:<\/h4>\n<ul>\n<li>Bimini top<\/li>\n<li>GPS<\/li>\n<li>Sounder<\/li>\n<li>Compass<\/li>\n<li>Shower<\/li>\n<li>Complete safety equipment on board<\/li>\n<li>Cabin with berths<\/li>\n<li>Mooring and anchoring equipment<\/li>\n<li>Radio \/ MP3 \/ USB<\/li>\n<li>Ladder<\/li>\n<li>12V socket<\/li>\n<li>Table<\/li>\n<\/ul>\n<\/div>\n\n\n\n\n\t\t<\/div> \n\t<\/div>\n\t<\/div> \n<\/div><\/div><div id=\"fws_69e01ba8cba60\" data-midnight=\"\" data-column-margin=\"default\" class=\"wpb_row vc_row-fluid vc_row inner_row\"  style=\"\"><div class=\"row-bg-wrap\"> <div class=\"row-bg\" ><\/div> <\/div><div class=\"row_col_wrap_12_inner col span_12  left\">\n\t<div  class=\"vc_col-sm-12 wpb_column column_container vc_column_container col child_column no-extra-padding inherit_tablet inherit_phone\"   data-padding-pos=\"all\" data-has-bg-color=\"false\" data-bg-color=\"\" data-bg-opacity=\"1\" data-animation=\"\" data-delay=\"0\" >\n\t\t<div class=\"vc_column-inner\" >\n\t\t<div class=\"wpb_wrapper\">\n\t\t\t\n<div class=\"wpb_text_column wpb_content_element\" >\n\t<table>\n<tbody>\n<tr>\n<th>Prices<\/th>\n<th>Day<\/th>\n<\/tr>\n<tr>\n<td>01.04 - 03.07<\/td>\n<td>230 \u20ac<\/td>\n<\/tr>\n<tr>\n<td>04.07 - 22.08<\/td>\n<td>260 \u20ac<\/td>\n<\/tr>\n<tr>\n<td>23.08 - 01.11<\/td>\n<td>230 \u20ac<\/td>\n<\/tr>\n<\/tbody>\n<\/table>\n<\/div>\n\n\n\n\n\t\t<\/div> \n\t<\/div>\n\t<\/div> \n<\/div><\/div>\n<div class=\"wpb_text_column wpb_content_element\" >\n\t<ul>\n<li>The price of the skipper is 80 \u20ac per day.<\/li>\n<li>Fuel is not included in the price.<\/li>\n<li>The advance is 30% of the total price.<\/li>\n<li>Payment is made when taking over the vessel.<\/li>\n<\/ul>\n<\/div>\n\n\n\n\n\t\t\t<\/div> \n\t\t<\/div>\n\t<\/div> \n\n\t<div  class=\"vc_col-sm-4 wpb_column column_container vc_column_container col no-extra-padding inherit_tablet inherit_phone\"  data-padding-pos=\"all\" data-has-bg-color=\"false\" data-bg-color=\"\" data-bg-opacity=\"1\" data-animation=\"\" data-delay=\"0\" >\n\t\t<div class=\"vc_column-inner\" >\n\t\t\t<div class=\"wpb_wrapper\">\n\t\t\t\t\n\t<div class=\"wpb_widgetised_column wpb_content_element\">\n\t\t<div id=\"sidebar\" data-nectar-ss=\"true\" class=\"wpb_wrapper\">\n\t\t\t<div id=\"custom_html-2\" class=\"widget_text widget widget_custom_html\"><div class=\"textwidget custom-html-widget\">\n<div class=\"wpcf7 no-js\" id=\"wpcf7-f5906-o1\" lang=\"en-US\" dir=\"ltr\" data-wpcf7-id=\"5906\">\n<div class=\"screen-reader-response\"><p role=\"status\" aria-live=\"polite\" aria-atomic=\"true\"><\/p> <ul><\/ul><\/div>\n<form action=\"\/en\/wp-json\/wp\/v2\/pages\/5977#wpcf7-f5906-o1\" method=\"post\" class=\"wpcf7-form init\" aria-label=\"Contact form\" novalidate=\"novalidate\" data-status=\"init\" data-trp-original-action=\"\/en\/wp-json\/wp\/v2\/pages\/5977#wpcf7-f5906-o1\">\n<fieldset class=\"hidden-fields-container\"><input type=\"hidden\" name=\"_wpcf7\" value=\"5906\" \/><input type=\"hidden\" name=\"_wpcf7_version\" value=\"6.1.5\" \/><input type=\"hidden\" name=\"_wpcf7_locale\" value=\"en_US\" \/><input type=\"hidden\" name=\"_wpcf7_unit_tag\" value=\"wpcf7-f5906-o1\" \/><input type=\"hidden\" name=\"_wpcf7_container_post\" value=\"0\" \/><input type=\"hidden\" name=\"_wpcf7_posted_data_hash\" value=\"\" \/>\n<\/fieldset>\n<div style=\"background-color:#0162a9\">\n\t<center>\n\t\t<h2 style=\"color:white\">BOOK NOW!\n\t\t<\/h2>\n\t<\/center>\n\t<div style=\"padding:15px 15px 15px 15px;\">\n\t\t<p><label style=\"color:white\"> Name<br \/>\n<span class=\"wpcf7-form-control-wrap\" data-name=\"your-name\"><input size=\"40\" maxlength=\"400\" class=\"wpcf7-form-control wpcf7-text wpcf7-validates-as-required\" aria-required=\"true\" aria-invalid=\"false\" value=\"\" type=\"text\" name=\"your-name\" \/><\/span> <\/label>\n\t\t<\/p>\n\t\t<p><label style=\"color:white\"> E-mail<br \/>\n<span class=\"wpcf7-form-control-wrap\" data-name=\"your-email\"><input size=\"40\" maxlength=\"400\" class=\"wpcf7-form-control wpcf7-email wpcf7-validates-as-required wpcf7-text wpcf7-validates-as-email\" aria-required=\"true\" aria-invalid=\"false\" value=\"\" type=\"email\" name=\"your-email\" \/><\/span> <\/label>\n\t\t<\/p>\n\t\t<p><label style=\"color:white\"> Cell phone<br \/>\n<span class=\"wpcf7-form-control-wrap\" data-name=\"tel-871\"><input size=\"40\" maxlength=\"400\" class=\"wpcf7-form-control wpcf7-tel wpcf7-text wpcf7-validates-as-tel\" aria-invalid=\"false\" value=\"\" type=\"tel\" name=\"tel-871\" \/><\/span> <\/label>\n\t\t<\/p>\n\t\t<p><label style=\"color:white\"> Message<\/label><br \/>\n<span class=\"wpcf7-form-control-wrap\" data-name=\"your-message\"><textarea cols=\"40\" rows=\"10\" maxlength=\"2000\" class=\"wpcf7-form-control wpcf7-textarea\" aria-invalid=\"false\" name=\"your-message\"><\/textarea><\/span>\n\t\t<\/p>\n\t\t<center>\n\t\t\t<p><input class=\"wpcf7-form-control wpcf7-submit has-spinner\" type=\"submit\" value=\"send\" \/>\n\t\t\t<\/p>\n\t\t<\/center>\n\t<\/div>\n<\/div><div class=\"wpcf7-response-output\" aria-hidden=\"true\"><\/div>\n<input type=\"hidden\" name=\"trp-form-language\" value=\"en\"\/><\/form>\n<\/div>\n<\/div><\/div>\n\t\t<\/div> \n\t<\/div> \n\t\t\t<\/div> \n\t\t<\/div>\n\t<\/div> \n<\/div><\/div>","protected":false},"excerpt":{"rendered":"Jeanneau cap camarat 6.5 wa Tehni\u010dke karakteristike: Du\u017eina: 6.50m \u0160irina: 2.50m Broj osoba: 7 Motor: Honda 150HP four stroke Tank goriva: 140L Tank vode: 50L...","protected":false},"author":1,"featured_media":0,"parent":0,"menu_order":0,"comment_status":"closed","ping_status":"closed","template":"","meta":{"footnotes":""},"class_list":["post-5977","page","type-page","status-publish"],"_links":{"self":[{"href":"https:\/\/losinjrentaboat.com\/en\/wp-json\/wp\/v2\/pages\/5977","targetHints":{"allow":["GET"]}}],"collection":[{"href":"https:\/\/losinjrentaboat.com\/en\/wp-json\/wp\/v2\/pages"}],"about":[{"href":"https:\/\/losinjrentaboat.com\/en\/wp-json\/wp\/v2\/types\/page"}],"author":[{"embeddable":true,"href":"https:\/\/losinjrentaboat.com\/en\/wp-json\/wp\/v2\/users\/1"}],"replies":[{"embeddable":true,"href":"https:\/\/losinjrentaboat.com\/en\/wp-json\/wp\/v2\/comments?post=5977"}],"version-history":[{"count":5,"href":"https:\/\/losinjrentaboat.com\/en\/wp-json\/wp\/v2\/pages\/5977\/revisions"}],"predecessor-version":[{"id":6474,"href":"https:\/\/losinjrentaboat.com\/en\/wp-json\/wp\/v2\/pages\/5977\/revisions\/6474"}],"wp:attachment":[{"href":"https:\/\/losinjrentaboat.com\/en\/wp-json\/wp\/v2\/media?parent=5977"}],"curies":[{"name":"wp","href":"https:\/\/api.w.org\/{rel}","templated":true}]}}