{"id":6296,"date":"2022-07-25T17:23:42","date_gmt":"2022-07-25T17:23:42","guid":{"rendered":"https:\/\/losinjrentaboat.com\/?page_id=6296"},"modified":"2024-08-06T18:32:14","modified_gmt":"2024-08-06T18:32:14","slug":"marlin-790-indian-red","status":"publish","type":"page","link":"https:\/\/losinjrentaboat.com\/de\/marlin-790-indian-red\/","title":{"rendered":"Marlin 790 Indian Red"},"content":{"rendered":"<div id=\"fws_69e7579d994bb\"  data-column-margin=\"default\" data-midnight=\"dark\"  class=\"wpb_row vc_row-fluid vc_row\"  style=\"padding-top: 0px; padding-bottom: 0px; \"><div class=\"row-bg-wrap\" data-bg-animation=\"none\" data-bg-animation-delay=\"\" data-bg-overlay=\"false\"><div class=\"inner-wrap row-bg-layer\" ><div class=\"row-bg viewport-desktop\"  style=\"\"><\/div><\/div><\/div><div class=\"row_col_wrap_12 col span_12 dark left\">\n\t<div  class=\"vc_col-sm-8 wpb_column column_container vc_column_container col no-extra-padding inherit_tablet inherit_phone\"  data-padding-pos=\"all\" data-has-bg-color=\"false\" data-bg-color=\"\" data-bg-opacity=\"1\" data-animation=\"\" data-delay=\"0\" >\n\t\t<div class=\"vc_column-inner\" >\n\t\t\t<div class=\"wpb_wrapper\">\n\t\t\t\t\n<div class=\"wpb_text_column wpb_content_element\" >\n\t<h2 style=\"text-align: center;\">Marlin 790 Indian Red NEU!<\/h2>\n<\/div>\n\n\n\n\n\t<div class=\"wpb_gallery wpb_content_element clearfix\">\n\t\t<div class=\"wpb_wrapper\"><div class=\"wpb_gallery_slidesflickity_style\" data-onclick=\"link_image\" data-interval=\"5\"><div class=\"nectar-flickity not-initialized\"  data-touch-icon-color=\"default\" data-stagger=\"\" data-drag-scale=\"\" data-overflow=\"hidden\" data-wrap=\"wrap\" data-spacing=\"default\" data-shadow=\"none\" data-autoplay=\"true\" data-autoplay-dur=\"\" data-free-scroll=\"\" data-controls=\"pagination\" data-desktop-columns=\"1\" data-small-desktop-columns=\"1\" data-tablet-columns=\"1\" data-phone-columns=\"1\"><div class=\"flickity-viewport\"> <div class=\"flickity-slider\"><div class=\"cell\" data-lazy=\"false\"><img decoding=\"async\" class=\"skip-lazy nectar-lazy\" src=\"https:\/\/losinjrentaboat.com\/wp-content\/uploads\/2024\/07\/IMG_2406-600x400.jpg\" width=\"600\" height=\"400\" alt=\"IMG_2406\" title=\"IMG_2406\" loading=\"lazy\" \/><a class=\"entire-slide-link\"  href=\"https:\/\/losinjrentaboat.com\/wp-content\/uploads\/2024\/07\/IMG_2406.jpg\"><\/a><\/div><div class=\"cell\" data-lazy=\"false\"><img decoding=\"async\" class=\"skip-lazy nectar-lazy\" src=\"https:\/\/losinjrentaboat.com\/wp-content\/uploads\/2024\/07\/IMG_2377-600x400.jpg\" width=\"600\" height=\"400\" alt=\"IMG_2377\" title=\"IMG_2377\" loading=\"lazy\" \/><a class=\"entire-slide-link\"  href=\"https:\/\/losinjrentaboat.com\/wp-content\/uploads\/2024\/07\/IMG_2377.jpg\"><\/a><\/div><div class=\"cell\" data-lazy=\"false\"><img decoding=\"async\" class=\"skip-lazy nectar-lazy\" src=\"https:\/\/losinjrentaboat.com\/wp-content\/uploads\/2024\/07\/IMG_2400-600x400.jpg\" width=\"600\" height=\"400\" alt=\"IMG_2400\" title=\"IMG_2400\" loading=\"lazy\" \/><a class=\"entire-slide-link\"  href=\"https:\/\/losinjrentaboat.com\/wp-content\/uploads\/2024\/07\/IMG_2400.jpg\"><\/a><\/div><div class=\"cell\" data-lazy=\"false\"><img decoding=\"async\" class=\"skip-lazy nectar-lazy\" src=\"https:\/\/losinjrentaboat.com\/wp-content\/uploads\/2024\/07\/IMG_2386-600x400.jpg\" width=\"600\" height=\"400\" alt=\"IMG_2386\" title=\"IMG_2386\" loading=\"lazy\" \/><a class=\"entire-slide-link\"  href=\"https:\/\/losinjrentaboat.com\/wp-content\/uploads\/2024\/07\/IMG_2386.jpg\"><\/a><\/div><div class=\"cell\" data-lazy=\"false\"><img decoding=\"async\" class=\"skip-lazy nectar-lazy\" src=\"https:\/\/losinjrentaboat.com\/wp-content\/uploads\/2024\/07\/IMG_2387-600x400.jpg\" width=\"600\" height=\"400\" alt=\"IMG_2387\" title=\"IMG_2387\" loading=\"lazy\" \/><a class=\"entire-slide-link\"  href=\"https:\/\/losinjrentaboat.com\/wp-content\/uploads\/2024\/07\/IMG_2387.jpg\"><\/a><\/div><div class=\"cell\" data-lazy=\"false\"><img decoding=\"async\" class=\"skip-lazy nectar-lazy\" src=\"https:\/\/losinjrentaboat.com\/wp-content\/uploads\/2024\/07\/IMG_2407-600x400.jpg\" width=\"600\" height=\"400\" alt=\"IMG_2407\" title=\"IMG_2407\" loading=\"lazy\" \/><a class=\"entire-slide-link\"  href=\"https:\/\/losinjrentaboat.com\/wp-content\/uploads\/2024\/07\/IMG_2407.jpg\"><\/a><\/div><\/div><\/div><\/div><\/div>\n\t\t<\/div> \n\t<\/div> <div id=\"fws_69e7579d9afd7\" data-midnight=\"\" data-column-margin=\"default\" class=\"wpb_row vc_row-fluid vc_row inner_row  vc_custom_1610392410210\"  style=\"\"><div class=\"row-bg-wrap\"> <div class=\"row-bg\" ><\/div> <\/div><div class=\"row_col_wrap_12_inner col span_12  left\">\n\t<div  class=\"vc_col-sm-6 wpb_column column_container vc_column_container col child_column no-extra-padding inherit_tablet inherit_phone\"   data-padding-pos=\"all\" data-has-bg-color=\"false\" data-bg-color=\"\" data-bg-opacity=\"1\" data-animation=\"\" data-delay=\"0\" >\n\t\t<div class=\"vc_column-inner\" >\n\t\t<div class=\"wpb_wrapper\">\n\t\t\t\n<div class=\"wpb_text_column wpb_content_element\" >\n\t<h4>Technische Eigenschaften:<\/h4>\n<ul>\n<li><strong>Jahre:<\/strong> 2022.<\/li>\n<li><strong>L\u00e4nge:<\/strong> 8 m<\/li>\n<li><strong>Breite:<\/strong> 3.10 m<\/li>\n<li><strong>Personenzahl:<\/strong> 12<\/li>\n<li><strong>Motor:<\/strong> Honda 250 HP four stroke<\/li>\n<li><strong>Treibstofftank:<\/strong> 300 L<\/li>\n<li><strong>Wassertank:<\/strong> 50L<\/li>\n<\/ul>\n<\/div>\n\n\n\n\n\t\t<\/div> \n\t<\/div>\n\t<\/div> \n\n\t<div  class=\"vc_col-sm-6 wpb_column column_container vc_column_container col child_column no-extra-padding inherit_tablet inherit_phone\"   data-padding-pos=\"all\" data-has-bg-color=\"false\" data-bg-color=\"\" data-bg-opacity=\"1\" data-animation=\"\" data-delay=\"0\" >\n\t\t<div class=\"vc_column-inner\" >\n\t\t<div class=\"wpb_wrapper\">\n\t\t\t\n<div class=\"wpb_text_column wpb_content_element\" >\n\t<h4>Ausr\u00fcstung:<\/h4>\n<ul>\n<li>Teak deck<\/li>\n<li>Bimini oben<\/li>\n<li>GPS<\/li>\n<li>Sounder<\/li>\n<li>Kompass<\/li>\n<li>Fridge<\/li>\n<li>Dusche<\/li>\n<li>Komplette Sicherheitsausr\u00fcstung an Bord<\/li>\n<li>Elektrischer Anker<\/li>\n<li>Festmacher- und Verankerungsausr\u00fcstung<\/li>\n<li>Radio \/ USB<\/li>\n<li>Leiter<\/li>\n<li>12V Steckdose<\/li>\n<\/ul>\n<\/div>\n\n\n\n\n\t\t<\/div> \n\t<\/div>\n\t<\/div> \n<\/div><\/div>\n<div class=\"wpb_text_column wpb_content_element\" >\n\t<ul>\n<li>Der Preis f\u00fcr den Skipper betr\u00e4gt 80 \u20ac pro Tag.<\/li>\n<li>Kraftstoff ist nicht im Preis inbegriffen.<\/li>\n<li>Der Vorschuss betr\u00e4gt 30% des Gesamtpreises.<\/li>\n<li>Die Zahlung erfolgt bei \u00dcbernahme des Schiffes.<\/li>\n<\/ul>\n<\/div>\n\n\n\n\n\t\t\t<\/div> \n\t\t<\/div>\n\t<\/div> \n\n\t<div  class=\"vc_col-sm-4 wpb_column column_container vc_column_container col no-extra-padding inherit_tablet inherit_phone\"  data-padding-pos=\"all\" data-has-bg-color=\"false\" data-bg-color=\"\" data-bg-opacity=\"1\" data-animation=\"\" data-delay=\"0\" >\n\t\t<div class=\"vc_column-inner\" >\n\t\t\t<div class=\"wpb_wrapper\">\n\t\t\t\t\n\t<div class=\"wpb_widgetised_column wpb_content_element\">\n\t\t<div id=\"sidebar\" data-nectar-ss=\"true\" class=\"wpb_wrapper\">\n\t\t\t<div id=\"custom_html-2\" class=\"widget_text widget widget_custom_html\"><div class=\"textwidget custom-html-widget\">\n<div class=\"wpcf7 no-js\" id=\"wpcf7-f5906-o1\" lang=\"en-US\" dir=\"ltr\" data-wpcf7-id=\"5906\">\n<div class=\"screen-reader-response\"><p role=\"status\" aria-live=\"polite\" aria-atomic=\"true\"><\/p> <ul><\/ul><\/div>\n<form action=\"\/de\/wp-json\/wp\/v2\/pages\/6296#wpcf7-f5906-o1\" method=\"post\" class=\"wpcf7-form init\" aria-label=\"Contact form\" novalidate=\"novalidate\" data-status=\"init\" data-trp-original-action=\"\/de\/wp-json\/wp\/v2\/pages\/6296#wpcf7-f5906-o1\">\n<fieldset class=\"hidden-fields-container\"><input type=\"hidden\" name=\"_wpcf7\" value=\"5906\" \/><input type=\"hidden\" name=\"_wpcf7_version\" value=\"6.1.5\" \/><input type=\"hidden\" name=\"_wpcf7_locale\" value=\"en_US\" \/><input type=\"hidden\" name=\"_wpcf7_unit_tag\" value=\"wpcf7-f5906-o1\" \/><input type=\"hidden\" name=\"_wpcf7_container_post\" value=\"0\" \/><input type=\"hidden\" name=\"_wpcf7_posted_data_hash\" value=\"\" \/>\n<\/fieldset>\n<div style=\"background-color:#0162a9\">\n\t<center>\n\t\t<h2 style=\"color:white\">BUCHEN SIE JETZT!\n\t\t<\/h2>\n\t<\/center>\n\t<div style=\"padding:15px 15px 15px 15px;\">\n\t\t<p><label style=\"color:white\"> Name<br \/>\n<span class=\"wpcf7-form-control-wrap\" data-name=\"your-name\"><input size=\"40\" maxlength=\"400\" class=\"wpcf7-form-control wpcf7-text wpcf7-validates-as-required\" aria-required=\"true\" aria-invalid=\"false\" value=\"\" type=\"text\" name=\"your-name\" \/><\/span> <\/label>\n\t\t<\/p>\n\t\t<p><label style=\"color:white\"> Email<br \/>\n<span class=\"wpcf7-form-control-wrap\" data-name=\"your-email\"><input size=\"40\" maxlength=\"400\" class=\"wpcf7-form-control wpcf7-email wpcf7-validates-as-required wpcf7-text wpcf7-validates-as-email\" aria-required=\"true\" aria-invalid=\"false\" value=\"\" type=\"email\" name=\"your-email\" \/><\/span> <\/label>\n\t\t<\/p>\n\t\t<p><label style=\"color:white\"> Mobiltelefon<br \/>\n<span class=\"wpcf7-form-control-wrap\" data-name=\"tel-871\"><input size=\"40\" maxlength=\"400\" class=\"wpcf7-form-control wpcf7-tel wpcf7-text wpcf7-validates-as-tel\" aria-invalid=\"false\" value=\"\" type=\"tel\" name=\"tel-871\" \/><\/span> <\/label>\n\t\t<\/p>\n\t\t<p><label style=\"color:white\"> Botschaft<\/label><br \/>\n<span class=\"wpcf7-form-control-wrap\" data-name=\"your-message\"><textarea cols=\"40\" rows=\"10\" maxlength=\"2000\" class=\"wpcf7-form-control wpcf7-textarea\" aria-invalid=\"false\" name=\"your-message\"><\/textarea><\/span>\n\t\t<\/p>\n\t\t<center>\n\t\t\t<p><input class=\"wpcf7-form-control wpcf7-submit has-spinner\" type=\"submit\" value=\"senden\" \/>\n\t\t\t<\/p>\n\t\t<\/center>\n\t<\/div>\n<\/div><div class=\"wpcf7-response-output\" aria-hidden=\"true\"><\/div>\n<input type=\"hidden\" name=\"trp-form-language\" value=\"de\"\/><\/form>\n<\/div>\n<\/div><\/div>\n\t\t<\/div> \n\t<\/div> \n\t\t\t<\/div> \n\t\t<\/div>\n\t<\/div> \n<\/div><\/div>","protected":false},"excerpt":{"rendered":"Marlin 790 Indian Red - NOVO! Tehni\u010dke karakteristike: Godina: 2022. Du\u017eina: 8 m \u0160irina: 3.10 m Broj osoba: 12 Motor: Honda 250 HP four stroke...","protected":false},"author":3,"featured_media":0,"parent":0,"menu_order":0,"comment_status":"closed","ping_status":"closed","template":"","meta":{"footnotes":""},"class_list":["post-6296","page","type-page","status-publish"],"_links":{"self":[{"href":"https:\/\/losinjrentaboat.com\/de\/wp-json\/wp\/v2\/pages\/6296","targetHints":{"allow":["GET"]}}],"collection":[{"href":"https:\/\/losinjrentaboat.com\/de\/wp-json\/wp\/v2\/pages"}],"about":[{"href":"https:\/\/losinjrentaboat.com\/de\/wp-json\/wp\/v2\/types\/page"}],"author":[{"embeddable":true,"href":"https:\/\/losinjrentaboat.com\/de\/wp-json\/wp\/v2\/users\/3"}],"replies":[{"embeddable":true,"href":"https:\/\/losinjrentaboat.com\/de\/wp-json\/wp\/v2\/comments?post=6296"}],"version-history":[{"count":5,"href":"https:\/\/losinjrentaboat.com\/de\/wp-json\/wp\/v2\/pages\/6296\/revisions"}],"predecessor-version":[{"id":6479,"href":"https:\/\/losinjrentaboat.com\/de\/wp-json\/wp\/v2\/pages\/6296\/revisions\/6479"}],"wp:attachment":[{"href":"https:\/\/losinjrentaboat.com\/de\/wp-json\/wp\/v2\/media?parent=6296"}],"curies":[{"name":"wp","href":"https:\/\/api.w.org\/{rel}","templated":true}]}}