{"id":6,"date":"2018-08-01T19:13:37","date_gmt":"2018-08-01T19:13:37","guid":{"rendered":"http:\/\/themenectar.com\/demo\/salient-ecommerce-ultimate\/?page_id=6"},"modified":"2025-08-11T11:54:30","modified_gmt":"2025-08-11T11:54:30","slug":"hr","status":"publish","type":"page","link":"https:\/\/losinjrentaboat.com\/de\/","title":{"rendered":"MIVIDI Rent a Boat Mali Losinj"},"content":{"rendered":"<div id=\"fws_6a06491ce5681\"  data-column-margin=\"default\" data-midnight=\"dark\"  class=\"wpb_row vc_row-fluid vc_row full-width-section has-row-bg-color\"  style=\"padding-top: 0px; padding-bottom: 0px; --row-bg-color: #ffffff;\"><div class=\"row-bg-wrap\" data-bg-animation=\"none\" data-bg-animation-delay=\"\" data-bg-overlay=\"false\"><div class=\"inner-wrap row-bg-layer\" ><div class=\"row-bg viewport-desktop using-bg-color\"  style=\"background-color: #ffffff; \"><\/div><\/div><\/div><div class=\"row_col_wrap_12 col span_12 dark center\">\n\t<div  class=\"vc_col-sm-12 wpb_column column_container vc_column_container col no-extra-padding inherit_tablet inherit_phone\"  data-padding-pos=\"all\" data-has-bg-color=\"false\" data-bg-color=\"\" data-bg-opacity=\"1\" data-animation=\"\" data-delay=\"0\" >\n\t\t<div class=\"vc_column-inner\" >\n\t\t\t<div class=\"wpb_wrapper\">\n\t\t\t\t<style type=\"text\/css\">#nectar-slider-instance-1, #nectar-slider-instance-1 .swiper-container { min-height: 450px; } #nectar-slider-instance-1, #nectar-slider-instance-1 .swiper-container { height: calc( 750 * 100vw \/ 1600 ); } <\/style><div data-midnight=\"nectar-slider\" class=\"parallax_slider_outer\"><div  data-transition=\"fade\" data-overall_style=\"classic\" data-flexible-height=\"true\" data-animate-in-effect=\"none\" data-fullscreen=\"false\" data-button-sizing=\"large\" data-button-styling=\"btn_with_count\" data-autorotate=\"7000\" data-parallax=\"true\" data-parallax-disable-mobile=\"\" data-caption-trans=\"reveal_title\" data-parallax-style=\"bg_only\" data-bg-animation=\"ken_burns\" data-full-width=\"true\" class=\"nectar-slider-wrap\" id=\"nectar-slider-instance-1\"><div class=\"swiper-container\"  data-tho=\"30\" data-tco=\"16\" data-pho=\"30\" data-pco=\"16\" data-loop=\"true\" data-height=\"750\" data-min-height=\"450\" data-arrows=\"false\" data-bullets=\"true\" data-bullet_style=\"see_through_ar_visualized\" data-bullet_position=\"right\" data-desktop-swipe=\"false\" data-settings=\"\"> <div class=\"swiper-wrapper\"><div class=\"swiper-slide\" data-desktop-content-width=\"auto\" data-tablet-content-width=\"auto\" data-bg-alignment=\"center\" data-color-scheme=\"light\" data-x-pos=\"centered\" data-y-pos=\"middle\" ><div class=\"slide-bg-wrap\"><div class=\"image-bg\" style=\"background-image: url(https:\/\/mividi.hr\/wp-content\/uploads\/2021\/01\/slider-e1610221261636.jpg);\"> &nbsp; <\/div><div class=\"slide-bg-overlay\" style=\"background-color: #515151;\"> &nbsp; <\/div><\/div><div class=\"container\">\n\t\t\t\t\t\t<div class=\"content\"><h2 class=\"ns-heading-el\">RENT A BOAT MIVIDI<\/h2><p  ><span>Mali Lo\u0161inj<\/span><\/p><\/div>\n\t\t\t\t\t\t\t\t<\/div><!--\/container--><a href=\"#\" class=\"slider-down-arrow no-border\"><svg class=\"nectar-scroll-icon\" viewbox=\"0 0 30 45\" enable-background=\"new 0 0 30 45\">\n\t\t\t\t\t\t\t\t\t<path class=\"nectar-scroll-icon-path\" fill=\"none\" stroke=\"#ffffff\" stroke-width=\"2\" stroke-miterlimit=\"10\" d=\"M15,1.118c12.352,0,13.967,12.88,13.967,12.88v18.76  c0,0-1.514,11.204-13.967,11.204S0.931,32.966,0.931,32.966V14.05C0.931,14.05,2.648,1.118,15,1.118z\"><\/path>\n\t\t\t\t\t\t\t\t\t<\/svg><\/a><div class=\"video-texture\"> <span class=\"ie-fix\"><\/span> <\/div><\/div> <!--\/swiper-slide--><div class=\"swiper-slide\" data-desktop-content-width=\"auto\" data-tablet-content-width=\"auto\" data-bg-alignment=\"center\" data-color-scheme=\"light\" data-x-pos=\"left\" data-y-pos=\"middle\" ><div class=\"slide-bg-wrap\"><div class=\"image-bg\" style=\"background-image: url(https:\/\/losinjrentaboat.com\/wp-content\/uploads\/2024\/07\/IMG_2411.jpg);\"> &nbsp; <\/div><div class=\"slide-bg-overlay\" style=\"background-color: #515151;\"> &nbsp; <\/div><\/div><div class=\"container\">\n\t\t\t\t\t\t<div class=\"content\"><h2 class=\"ns-heading-el\">Sie sind den ganzen Weg bestimmt nicht nur hierher gekommen, um auf das Meer zu schauen<\/h2><p  ><span>Entdecken Sie noch heute Ihr nautisches Abenteuer und mieten Sie ein Boot!<\/span><\/p><div class=\"buttons\"><div class=\"button transparent\">\n\t\t\t\t\t\t\t\t\t\t <a class=\"primary-color\" href=\"https:\/\/losinjrentaboat.com\/de\/plovila-mali-losinj-najam-glisera\/\">Entdecken Sie das Angebot<\/a>\n\t\t\t\t\t\t\t\t\t\t<\/div><div class=\"button solid_color\">\n\t\t\t\t\t\t\t\t\t\t<a class=\"primary-color\" href=\"https:\/\/losinjrentaboat.com\/de\/kontakt\/\">Kontakt<\/a>\n\t\t\t\t\t\t\t\t\t\t<\/div><\/div><\/div>\n\t\t\t\t\t\t\t\t<\/div><!--\/container--><a href=\"#\" class=\"slider-down-arrow no-border\"><svg class=\"nectar-scroll-icon\" viewbox=\"0 0 30 45\" enable-background=\"new 0 0 30 45\">\n\t\t\t\t\t\t\t\t\t<path class=\"nectar-scroll-icon-path\" fill=\"none\" stroke=\"#ffffff\" stroke-width=\"2\" stroke-miterlimit=\"10\" d=\"M15,1.118c12.352,0,13.967,12.88,13.967,12.88v18.76  c0,0-1.514,11.204-13.967,11.204S0.931,32.966,0.931,32.966V14.05C0.931,14.05,2.648,1.118,15,1.118z\"><\/path>\n\t\t\t\t\t\t\t\t\t<\/svg><\/a><div class=\"video-texture\"> <span class=\"ie-fix\"><\/span> <\/div><\/div> <!--\/swiper-slide--><div class=\"swiper-slide\" data-desktop-content-width=\"auto\" data-tablet-content-width=\"auto\" data-bg-alignment=\"center\" data-color-scheme=\"light\" data-x-pos=\"left\" data-y-pos=\"middle\" ><div class=\"slide-bg-wrap\"><div class=\"image-bg\" style=\"background-image: url(https:\/\/losinjrentaboat.com\/wp-content\/uploads\/2024\/07\/IMG_2415.jpg);\"> &nbsp; <\/div><\/div><div class=\"container\">\n\t\t\t\t\t\t<div class=\"content\"><h2 class=\"ns-heading-el\">Segeln Sie mit Leichtigkeit!<\/h2><p  ><span>Entdecken Sie noch heute Ihr nautisches Abenteuer und mieten Sie ein Boot!<\/span><\/p><div class=\"buttons\"><div class=\"button transparent\">\n\t\t\t\t\t\t\t\t\t\t <a class=\"primary-color\" href=\"https:\/\/losinjrentaboat.com\/de\/plovila-mali-losinj-najam-glisera\/\">Entdecken Sie das Angebot<\/a>\n\t\t\t\t\t\t\t\t\t\t<\/div><div class=\"button solid_color\">\n\t\t\t\t\t\t\t\t\t\t<a class=\"primary-color\" href=\"https:\/\/losinjrentaboat.com\/de\/kontakt\/\">Kontakt<\/a>\n\t\t\t\t\t\t\t\t\t\t<\/div><\/div><\/div>\n\t\t\t\t\t\t\t\t<\/div><!--\/container--><div class=\"video-texture\"> <span class=\"ie-fix\"><\/span> <\/div><\/div> <!--\/swiper-slide--><\/div><div class=\"container normal-container slider-pagination-wrap\"><div class=\"slider-pagination\"><\/div><\/div><div class=\"nectar-slider-loading\"> <span class=\"loading-icon none\">   <\/span> <\/div> <\/div> \n\t\t\t\t\t\n\t\t\t\t\t<\/div><\/div>\n<div class=\"wpb_text_column wpb_content_element  vc_custom_1610989965849\" >\n\t<h2 style=\"text-align: center;\">RENT A BOAT MIVIDI<\/h2>\n<p style=\"text-align: center;\"><strong>Willkommen in Lo\u0161inj, der Insel der Vitalit\u00e4t, deren wahre Sch\u00f6nheit ohne Boot nicht zu erleben ist.<\/strong><\/p>\n<p style=\"text-align: center;\">Wir befinden uns im Zentrum von Mali Lo\u0161inj, kontaktieren Sie uns mit Zuversicht und begeben Sie sich mit uns auf ein Seeabenteuer des Lebens, entdecken Sie alle Sch\u00f6nheiten der mediterranen Natur, atemberaubende versteckte Buchten und die kristallklare Adria.<\/p>\n<\/div>\n\n\n\n\n\t\t\t<\/div> \n\t\t<\/div>\n\t<\/div> \n<\/div><\/div>\n\t\t<div id=\"fws_6a06491ce85a2\"  data-column-margin=\"default\" data-midnight=\"dark\"  class=\"wpb_row vc_row-fluid vc_row\"  style=\"padding-top: 0px; padding-bottom: 0px; \"><div class=\"row-bg-wrap\" data-bg-animation=\"none\" data-bg-animation-delay=\"\" data-bg-overlay=\"false\"><div class=\"inner-wrap row-bg-layer\" ><div class=\"row-bg viewport-desktop\"  style=\"\"><\/div><\/div><\/div><div class=\"row_col_wrap_12 col span_12 dark left\">\n\t<div  class=\"vc_col-sm-3 wpb_column column_container vc_column_container col no-extra-padding inherit_tablet inherit_phone\"  data-padding-pos=\"all\" data-has-bg-color=\"false\" data-bg-color=\"\" data-bg-opacity=\"1\" data-animation=\"\" data-delay=\"0\" >\n\t\t<div class=\"vc_column-inner\" >\n\t\t\t<div class=\"wpb_wrapper\">\n\t\t\t\t\n\t\t\t<\/div> \n\t\t<\/div>\n\t<\/div> \n\n\t<div  class=\"vc_col-sm-3 wpb_column column_container vc_column_container col centered-text no-extra-padding inherit_tablet inherit_phone\"  data-padding-pos=\"all\" data-has-bg-color=\"false\" data-bg-color=\"\" data-bg-opacity=\"1\" data-animation=\"\" data-delay=\"0\" >\n\t\t<div class=\"vc_column-inner\" >\n\t\t\t<div class=\"wpb_wrapper\">\n\t\t\t\t<div class=\"nectar-fancy-box using-img  hover_color_636363\" style=\"min-height: 300px\" data-style=\"hover_desc\" data-border-radius=\"5px\" data-animation=\"\" data-bg-animation=\"long_zoom\" data-border=\"\" data-delay=\"\" data-alignment=\"left\" data-color=\"accent-color\" ><div class=\"box-bg\" role=\"presentation\"  data-nectar-img-src=\"https:\/\/losinjrentaboat.com\/wp-content\/uploads\/2024\/07\/IMG_2392.jpg\"><\/div><div class=\"inner\"><div class=\"heading-wrap\"><strong>NEU!<\/strong><\/p>\n<p>Marlin 790 Red<\/div><div class=\"hover-content\">250 HP<br \/>\n12 Personen<\/div><\/div>  <a  href=\"https:\/\/mividi.hr\/marlin-790-najam-plovila-mali-losinj\" class=\"box-link\"><\/a> <\/div><div class=\"nectar-fancy-box using-img  hover_color_636363\" style=\"min-height: 300px\" data-style=\"hover_desc\" data-border-radius=\"5px\" data-animation=\"\" data-bg-animation=\"long_zoom\" data-border=\"\" data-delay=\"\" data-alignment=\"left\" data-color=\"accent-color\" ><div class=\"box-bg\" role=\"presentation\"  data-nectar-img-src=\"https:\/\/losinjrentaboat.com\/wp-content\/uploads\/2022\/07\/image4.jpeg\"><\/div><div class=\"inner\"><div class=\"heading-wrap\"><strong>NEU!<\/strong><\/p>\n<p>Galia 700 \u2013 Sonnendeck<\/div><div class=\"hover-content\">320\u20ac<br \/>\nSuzuki 250 HP<br \/>\n8 Personen<\/div><\/div>  <a  href=\"https:\/\/mividi.hr\/galia-700\/\" class=\"box-link\"><\/a> <\/div><div class=\"img-with-aniamtion-wrap center custom-size\" data-max-width=\"75%\" data-max-width-mobile=\"default\" data-border-radius=\"5px\" data-shadow=\"none\" data-animation=\"none\"  style=\"margin-top: 80px; margin-right: 20px; margin-left: 20px;\">\n      <div class=\"inner\">\n        <div class=\"hover-wrap\"> \n          <div class=\"hover-wrap-inner\">\n            <img loading=\"lazy\" decoding=\"async\" class=\"img-with-animation skip-lazy\" data-delay=\"0\" height=\"154\" width=\"300\" data-animation=\"none\" src=\"https:\/\/losinjrentaboat.com\/wp-content\/uploads\/2021\/01\/logo-mividi-300x154.png\" alt=\"\" srcset=\"https:\/\/losinjrentaboat.com\/wp-content\/uploads\/2021\/01\/logo-mividi-300x154.png 300w, https:\/\/losinjrentaboat.com\/wp-content\/uploads\/2021\/01\/logo-mividi.png 731w\" sizes=\"auto, (max-width: 300px) 100vw, 300px\" \/>\n          <\/div>\n        <\/div>\n        \n      <\/div>\n    <\/div>\n\t\t\t<\/div> \n\t\t<\/div>\n\t<\/div> \n\n\t<div  class=\"vc_col-sm-3 wpb_column column_container vc_column_container col no-extra-padding inherit_tablet inherit_phone\"  data-padding-pos=\"all\" data-has-bg-color=\"false\" data-bg-color=\"\" data-bg-opacity=\"1\" data-animation=\"\" data-delay=\"0\" >\n\t\t<div class=\"vc_column-inner\" >\n\t\t\t<div class=\"wpb_wrapper\">\n\t\t\t\t<div class=\"nectar-fancy-box using-img  hover_color_636363\" style=\"min-height: 300px\" data-style=\"hover_desc\" data-border-radius=\"5px\" data-animation=\"\" data-bg-animation=\"long_zoom\" data-border=\"\" data-delay=\"\" data-alignment=\"left\" data-color=\"accent-color\" ><div class=\"box-bg\" role=\"presentation\"  data-nectar-img-src=\"https:\/\/losinjrentaboat.com\/wp-content\/uploads\/2024\/07\/IMG_2377.jpg\"><\/div><div class=\"inner\"><div class=\"heading-wrap\"><strong>NEU!<\/strong><\/p>\n<p>Marlin 790 Indian Red<\/div><div class=\"hover-content\">250 HP<br \/>\n12 Personen<\/div><\/div>  <a  href=\"https:\/\/mividi.hr\/marlin-790-indian-red\/\" class=\"box-link\"><\/a> <\/div><div class=\"nectar-fancy-box using-img  hover_color_636363\" style=\"min-height: 300px\" data-style=\"hover_desc\" data-border-radius=\"5px\" data-animation=\"\" data-bg-animation=\"long_zoom\" data-border=\"\" data-delay=\"\" data-alignment=\"left\" data-color=\"accent-color\" ><div class=\"box-bg\" role=\"presentation\"  data-nectar-img-src=\"https:\/\/losinjrentaboat.com\/wp-content\/uploads\/2021\/01\/03e3324b-877f-4fe1-9d83-366567dd2f6b.jpg\"><\/div><div class=\"inner\"><div class=\"heading-wrap\">Atlantic Marine 550 Open<\/div><div class=\"hover-content\">150\u20ac<br \/>\n115 PS<br \/>\n6 Personen<\/div><\/div>  <a  href=\"https:\/\/mividi.hr\/atlantic-marine-550-open-115hp\" class=\"box-link\"><\/a> <\/div><div class=\"nectar-fancy-box using-img  hover_color_636363\" style=\"min-height: 300px\" data-style=\"hover_desc\" data-border-radius=\"5px\" data-animation=\"\" data-bg-animation=\"long_zoom\" data-border=\"\" data-delay=\"\" data-alignment=\"left\" data-color=\"accent-color\" ><div class=\"box-bg\" role=\"presentation\"  data-nectar-img-src=\"https:\/\/losinjrentaboat.com\/wp-content\/uploads\/2021\/01\/06f7d1ab-7e48-4084-b175-6fa34228045d.jpg\"><\/div><div class=\"inner\"><div class=\"heading-wrap\">Atlantic Marine 530 Open<\/div><div class=\"hover-content\">120\u20ac<br \/>\n100 PS<br \/>\n5 osoba<\/div><\/div>  <a  href=\"https:\/\/losinjrentaboat.com\/de\/atlantic-marine-530-open-100hp\/\" class=\"box-link\"><\/a> <\/div>\n\t\t\t<\/div> \n\t\t<\/div>\n\t<\/div> \n\n\t<div  class=\"vc_col-sm-3 wpb_column column_container vc_column_container col no-extra-padding inherit_tablet inherit_phone\"  data-padding-pos=\"all\" data-has-bg-color=\"false\" data-bg-color=\"\" data-bg-opacity=\"1\" data-animation=\"\" data-delay=\"0\" >\n\t\t<div class=\"vc_column-inner\" >\n\t\t\t<div class=\"wpb_wrapper\">\n\t\t\t\t<div class=\"nectar-fancy-box using-img  hover_color_636363\" style=\"min-height: 300px\" data-style=\"hover_desc\" data-border-radius=\"5px\" data-animation=\"\" data-bg-animation=\"long_zoom\" data-border=\"\" data-delay=\"\" data-alignment=\"left\" data-color=\"accent-color\" ><div class=\"box-bg\" role=\"presentation\"  data-nectar-img-src=\"https:\/\/losinjrentaboat.com\/wp-content\/uploads\/2024\/07\/IMG_2434.jpg\"><\/div><div class=\"inner\"><div class=\"heading-wrap\"><strong>NEU!<\/strong><\/p>\n<p>Marlin 790 Orange<\/div><div class=\"hover-content\">250 HP<br \/>\n12 Personen<\/div><\/div>  <a  href=\"https:\/\/mividi.hr\/marlin-790-orange\/\" class=\"box-link\"><\/a> <\/div><div class=\"nectar-fancy-box using-img  hover_color_636363\" style=\"min-height: 300px\" data-style=\"hover_desc\" data-border-radius=\"5px\" data-animation=\"\" data-bg-animation=\"long_zoom\" data-border=\"\" data-delay=\"\" data-alignment=\"left\" data-color=\"accent-color\" ><div class=\"box-bg\" role=\"presentation\"  data-nectar-img-src=\"https:\/\/losinjrentaboat.com\/wp-content\/uploads\/2021\/01\/90091421-8519-43d3-9d43-3038404b4c1e.jpg\"><\/div><div class=\"inner\"><div class=\"heading-wrap\">Jeanneau Cap Camarat 6,5 WA<\/div><div class=\"hover-content\">230\u20ac<br \/>\n150 PS<br \/>\n7 Personen<\/div><\/div>  <a  href=\"https:\/\/mividi.hr\/jeanneau-cap-camarat-6-5-wa\/\" class=\"box-link\"><\/a> <\/div><div class=\"img-with-aniamtion-wrap center custom-size\" data-max-width=\"75%\" data-max-width-mobile=\"default\" data-border-radius=\"5px\" data-shadow=\"none\" data-animation=\"none\"  style=\"margin-top: 80px; margin-right: 20px; margin-left: 20px;\">\n      <div class=\"inner\">\n        <div class=\"hover-wrap\"> \n          <div class=\"hover-wrap-inner\">\n            <img loading=\"lazy\" decoding=\"async\" class=\"img-with-animation skip-lazy\" data-delay=\"0\" height=\"154\" width=\"300\" data-animation=\"none\" src=\"https:\/\/losinjrentaboat.com\/wp-content\/uploads\/2021\/01\/logo-mividi-300x154.png\" alt=\"\" srcset=\"https:\/\/losinjrentaboat.com\/wp-content\/uploads\/2021\/01\/logo-mividi-300x154.png 300w, https:\/\/losinjrentaboat.com\/wp-content\/uploads\/2021\/01\/logo-mividi.png 731w\" sizes=\"auto, (max-width: 300px) 100vw, 300px\" \/>\n          <\/div>\n        <\/div>\n        \n      <\/div>\n    <\/div>\n\t\t\t<\/div> \n\t\t<\/div>\n\t<\/div> \n<\/div><\/div>\n\t\t<div id=\"built-by-riders\"  data-column-margin=\"default\" data-midnight=\"light\" data-top-percent=\"5%\" data-bottom-percent=\"5%\"  class=\"wpb_row vc_row-fluid vc_row full-width-section has-row-bg-color vc_row-o-equal-height vc_row-flex vc_row-o-content-middle\"  style=\"padding-top: calc(100vw * 0.05); padding-bottom: calc(100vw * 0.05); --row-bg-color: #6a6b6f;\"><div class=\"row-bg-wrap\" data-bg-animation=\"none\" data-bg-animation-delay=\"\" data-bg-overlay=\"true\"><div class=\"inner-wrap row-bg-layer using-image\" ><div class=\"row-bg viewport-desktop using-image using-bg-color\"  style=\"background-image: url(https:\/\/losinjrentaboat.com\/wp-content\/uploads\/2021\/01\/6.Hvar_Vis_Solta_Brac.jpg); background-position: left top; background-repeat: no-repeat; background-color: #6a6b6f; \"><\/div><\/div><div class=\"row-bg-overlay row-bg-layer\" style=\"background-color:#0a0a0a;  opacity: 0.5; \"><\/div><\/div><div class=\"row_col_wrap_12 col span_12 light left\">\n\t<div  class=\"vc_col-sm-6 wpb_column column_container vc_column_container col no-extra-padding inherit_tablet inherit_phone\"  data-padding-pos=\"all\" data-has-bg-color=\"false\" data-bg-color=\"\" data-bg-opacity=\"1\" data-animation=\"\" data-delay=\"0\" >\n\t\t<div class=\"vc_column-inner\" >\n\t\t\t<div class=\"wpb_wrapper\">\n\t\t\t\t<div class=\"nectar_cascading_images\" data-border-radius=\"none\" data-parallax=\"\" data-parallax-intensity=\"subtle\" data-animation-timing=\"175\"><div class=\"cascading-image\" data-has-img=\"true\" style=\" padding:19%;\" data-max-width=\"100%\" data-max-width-mobile=\"100%\" data-animation=\"grow-in\" data-shadow=\"none\"><div class=\"inner-wrap\"><div class=\"bg-layer\" data-scale=\"1\" style=\"transform: scale(1)\"><div class=\"bg-color\" style=\" -webkit-transform:translateX(0%) translateY(0%) ; -ms-transform:translateX(0%) translateY(0%) ; transform: translateX(0%) translateY(0%) ; background-color: #2b4bff;\" data-has-bg-color=\"true\"><\/div><div style=\" -webkit-transform:translateX(0%) translateY(0%) ; transform:translateX(0%) translateY(0%) ;\" class=\"img-wrap\"> <img loading=\"lazy\" decoding=\"async\" src=\"https:\/\/losinjrentaboat.com\/wp-content\/uploads\/2021\/01\/130905375.jpg\" srcset=\"https:\/\/losinjrentaboat.com\/wp-content\/uploads\/2021\/01\/130905375.jpg 1024w, https:\/\/losinjrentaboat.com\/wp-content\/uploads\/2021\/01\/130905375-300x225.jpg 300w, https:\/\/losinjrentaboat.com\/wp-content\/uploads\/2021\/01\/130905375-768x576.jpg 768w\" sizes=\"auto, (min-width: 1000px) 55vw, 100vw\" height=\"768\" width=\"1024\" class=\"skip-lazy\" alt=\"\" \/> <\/div><\/div><\/div><\/div><div class=\"cascading-image\" data-has-img=\"true\" style=\" padding:19%;\" data-max-width=\"100%\" data-max-width-mobile=\"100%\" data-animation=\"grow-in\" data-shadow=\"none\"><div class=\"inner-wrap\"><div class=\"bg-layer\" data-scale=\"1\" style=\"transform: scale(1)\"><div style=\" -webkit-transform:translateX(15%) translateY(25%) ; transform:translateX(15%) translateY(25%) ;\" class=\"img-wrap\"> <img loading=\"lazy\" decoding=\"async\" src=\"https:\/\/losinjrentaboat.com\/wp-content\/uploads\/2021\/01\/464-unije-18-1437383430.jpg\" srcset=\"https:\/\/losinjrentaboat.com\/wp-content\/uploads\/2021\/01\/464-unije-18-1437383430.jpg 1024w, https:\/\/losinjrentaboat.com\/wp-content\/uploads\/2021\/01\/464-unije-18-1437383430-300x225.jpg 300w, https:\/\/losinjrentaboat.com\/wp-content\/uploads\/2021\/01\/464-unije-18-1437383430-768x576.jpg 768w\" sizes=\"auto, (min-width: 1000px) 55vw, 100vw\" height=\"768\" width=\"1024\" class=\"skip-lazy\" alt=\"\" \/> <\/div><\/div><\/div><\/div><div class=\"cascading-image\" data-has-img=\"true\" style=\" padding:19%;\" data-max-width=\"100%\" data-max-width-mobile=\"100%\" data-animation=\"grow-in\" data-shadow=\"x_large_depth\"><div class=\"inner-wrap\"><div class=\"bg-layer\" data-scale=\"1\" style=\"transform: scale(1)\"><div style=\" -webkit-transform:translateX(-30%) translateY(-30%) ; transform:translateX(-30%) translateY(-30%) ;\" class=\"img-wrap\"> <img loading=\"lazy\" decoding=\"async\" src=\"https:\/\/losinjrentaboat.com\/wp-content\/uploads\/2021\/01\/krivica-636640812412543564_1600_900.jpeg\" srcset=\"https:\/\/losinjrentaboat.com\/wp-content\/uploads\/2021\/01\/krivica-636640812412543564_1600_900.jpeg 1481w, https:\/\/losinjrentaboat.com\/wp-content\/uploads\/2021\/01\/krivica-636640812412543564_1600_900-300x169.jpeg 300w, https:\/\/losinjrentaboat.com\/wp-content\/uploads\/2021\/01\/krivica-636640812412543564_1600_900-1024x576.jpeg 1024w, https:\/\/losinjrentaboat.com\/wp-content\/uploads\/2021\/01\/krivica-636640812412543564_1600_900-768x432.jpeg 768w\" sizes=\"auto, (min-width: 1000px) 55vw, 100vw\" height=\"833\" width=\"1481\" class=\"skip-lazy\" alt=\"\" \/> <\/div><\/div><\/div><\/div><\/div>\n\t\t\t<\/div> \n\t\t<\/div>\n\t<\/div> \n\n\t<div  class=\"vc_col-sm-6 wpb_column column_container vc_column_container col has-animation no-extra-padding inherit_tablet inherit_phone\"  data-padding-pos=\"all\" data-has-bg-color=\"false\" data-bg-color=\"\" data-bg-opacity=\"1\" data-animation=\"fade-in\" data-delay=\"0\" >\n\t\t<div class=\"vc_column-inner\" >\n\t\t\t<div class=\"wpb_wrapper\">\n\t\t\t\t\n<div class=\"nectar-animated-title\" data-style=\"color-strip-reveal\" data-color=\"extra-color-1\">\n\t<div class=\"nectar-animated-title-outer\">\n\t\t<div class=\"nectar-animated-title-inner\">\n\t\t\t<div class=\"wrap\"><h6 style=\"color: #ffffff;\">Lo\u0161inj-Archipel<\/h6><\/div>\n\t\t<\/div>\n\t<\/div>\n<\/div>\n<div class=\"wpb_text_column wpb_content_element\" >\n\t<h2>Inseln und Buchten<\/h2>\n<\/div>\n\n\n\n\n<div class=\"wpb_text_column wpb_content_element  vc_custom_1610912069887\" >\n\t<p>Ein Bootsverleih ist die beste Option, um versteckte Buchten, Inselchen und beliebte Inseln im Lo\u0161inj-Archipel zu erkunden.<\/p>\n<\/div>\n\n\n\n<a class=\"nectar-button medium regular accent-color  regular-button\"  role=\"button\" style=\"margin-left: 25px;\"  href=\"https:\/\/mividi.hr\/destinacije-otoci-i-plaze-na-losinjskom-arhipelagu\/\" data-color-override=\"false\" data-hover-color-override=\"false\" data-hover-text-color-override=\"#fff\"><span>Empfohlene Ziele<\/span><\/a>\n\t\t\t<\/div> \n\t\t<\/div>\n\t<\/div> \n<\/div><\/div>\n\t\t<div id=\"fws_6a06491cece37\"  data-column-margin=\"default\" data-midnight=\"dark\"  class=\"wpb_row vc_row-fluid vc_row full-width-content vc_row-o-equal-height vc_row-flex vc_row-o-content-top\"  style=\"padding-top: 0px; padding-bottom: 0px; \"><div class=\"row-bg-wrap\" data-bg-animation=\"none\" data-bg-animation-delay=\"\" data-bg-overlay=\"false\"><div class=\"inner-wrap row-bg-layer\" ><div class=\"row-bg viewport-desktop\"  style=\"\"><\/div><\/div><\/div><div class=\"row_col_wrap_12 col span_12 dark left\">\n\t<div  class=\"vc_col-sm-12 wpb_column column_container vc_column_container col no-extra-padding inherit_tablet inherit_phone\"  data-padding-pos=\"all\" data-has-bg-color=\"false\" data-bg-color=\"\" data-bg-opacity=\"1\" data-animation=\"\" data-delay=\"0\" >\n\t\t<div class=\"vc_column-inner\" >\n\t\t\t<div class=\"wpb_wrapper\">\n\t\t\t\t<div id=\"map_6a06491ced2ce\" style=\"height: 400px;\" class=\"nectar-leaflet-map\" data-infowindow-start-open=\"1\" data-dark-color-scheme=\"\" data-marker-style=\"nectar\" data-nectar-marker-color=\"accent-color\" data-ultra-flat=\"\" data-greyscale=\"\" data-extra-color=\"\" data-enable-animation=\"false\" data-enable-zoom=\"\" data-zoom-level=\"16\" data-center-lat=\"44.533038\" data-center-lng=\"14.466179\" data-marker-img=\"\"><\/div><div class=\"map_6a06491ced2ce map-marker-list\"><div class=\"map-marker\" data-marker-image-width=\"50\" data-marker-image-height=\"50\" data-lat=\"44.533038\" data-lng=\"14.466179\" data-mapinfo=\"RENT A BOAT MIVIDI\"><\/div><\/div>\n\t\t\t<\/div> \n\t\t<\/div>\n\t<\/div> \n<\/div><\/div>","protected":false},"excerpt":{"rendered":"","protected":false},"author":1,"featured_media":6460,"parent":0,"menu_order":0,"comment_status":"closed","ping_status":"closed","template":"","meta":{"footnotes":""},"class_list":["post-6","page","type-page","status-publish","has-post-thumbnail"],"_links":{"self":[{"href":"https:\/\/losinjrentaboat.com\/de\/wp-json\/wp\/v2\/pages\/6","targetHints":{"allow":["GET"]}}],"collection":[{"href":"https:\/\/losinjrentaboat.com\/de\/wp-json\/wp\/v2\/pages"}],"about":[{"href":"https:\/\/losinjrentaboat.com\/de\/wp-json\/wp\/v2\/types\/page"}],"author":[{"embeddable":true,"href":"https:\/\/losinjrentaboat.com\/de\/wp-json\/wp\/v2\/users\/1"}],"replies":[{"embeddable":true,"href":"https:\/\/losinjrentaboat.com\/de\/wp-json\/wp\/v2\/comments?post=6"}],"version-history":[{"count":5,"href":"https:\/\/losinjrentaboat.com\/de\/wp-json\/wp\/v2\/pages\/6\/revisions"}],"predecessor-version":[{"id":6507,"href":"https:\/\/losinjrentaboat.com\/de\/wp-json\/wp\/v2\/pages\/6\/revisions\/6507"}],"wp:featuredmedia":[{"embeddable":true,"href":"https:\/\/losinjrentaboat.com\/de\/wp-json\/wp\/v2\/media\/6460"}],"wp:attachment":[{"href":"https:\/\/losinjrentaboat.com\/de\/wp-json\/wp\/v2\/media?parent=6"}],"curies":[{"name":"wp","href":"https:\/\/api.w.org\/{rel}","templated":true}]}}